{"id":523,"date":"2016-01-19T11:19:57","date_gmt":"2016-01-19T10:19:57","guid":{"rendered":"http:\/\/europly.nl\/?page_id=523"},"modified":"2018-07-10T08:47:08","modified_gmt":"2018-07-10T07:47:08","slug":"eiche-trockenware-eu","status":"publish","type":"page","link":"https:\/\/europly.nl\/de\/lieferanten-fuer-eiche\/eiche-trockenware-eu\/","title":{"rendered":"Eiche Trockenware (EU)"},"content":{"rendered":"<p>[vc_row el_class=&#8220;black-box&#8220;][vc_column offset=&#8220;vc_col-lg-offset-0 vc_col-lg-7 vc_col-md-8&#8243;][vc_custom_heading source=&#8220;post_title&#8220; font_container=&#8220;tag:h1|text_align:left&#8220; use_theme_fonts=&#8220;yes&#8220;][vc_column_text]<a href=\"http:\/\/europly.nl\/wp-content\/uploads\/ruw-hout.jpg\" data-rel=\"lightbox-image-0\" data-rl_title=\"\" data-rl_caption=\"\" title=\"\"><img loading=\"lazy\" decoding=\"async\" class=\"alignnone wp-image-382 size-full\" src=\"http:\/\/europly.nl\/wp-content\/uploads\/ruw-hout.jpg\" alt=\"\" width=\"1000\" height=\"400\" srcset=\"https:\/\/europly.nl\/wp-content\/uploads\/ruw-hout.jpg 1000w, https:\/\/europly.nl\/wp-content\/uploads\/ruw-hout-300x120.jpg 300w\" sizes=\"auto, (max-width: 1000px) 100vw, 1000px\" \/><\/a><\/p>\n<h6>Suchen Sie getrocknete Eiche in h\u00f6chster Qualit\u00e4t?<\/h6>\n<p>Konventionell getrocknete Eiche beh\u00e4lt seine nat\u00fcrliche Farbe. Eiche wird bei unser Schwesterunternehmen <a href=\"http:\/\/www.drooghoutgendringen.nl\">Drooghout Gendringen<\/a> erst mal in einer professionellen Art und Weise in der Richtung des Fasers\u00e4ttigungspunkt vorgetrocknet und dann erst getrocknet auf 10 +\/- 2%. Dieses Verfahren gew\u00e4hrleistet eine sehr hohe Qualit\u00e4t.<\/p>\n<p>Wir liefern Europ\u00e4ischen getrocknete Eiche in verschiedenen Qualit\u00e4ten, dabei folgen wir beide die QF-Normierung als einer Mix- und M\u00f6belqualit\u00e4t. Unser Sortiment besteht aus verschiedenen St\u00e4rken, einschlie\u00dflich 27mm, 52mm und 80mm. Falls gew\u00fcnscht, k\u00f6nnen wir Rohware Eiche auch f\u00fcr Sie bearbeiten da wir eine professionelle Ausr\u00fcstung f\u00fcr die mechanische Holzbearbeitung besitzen. Bitte fragen Sie uns nach den M\u00f6glichkeiten.<\/p>\n<div class=\"green\"><center><a href=\"\/kontakt\"><strong>Angebotsanfrage?<\/strong>\u00a0+31 (0)315 69 51 51<\/a><\/center><\/div>\n<p>[\/vc_column_text][\/vc_column][vc_column css_animation=&#8220;none&#8220; width=&#8220;2\/3&#8243; offset=&#8220;vc_col-lg-offset-1 vc_col-md-4&#8243; css=&#8220;.vc_custom_1531208815834{margin-bottom: 30px !important;background-image: url(https:\/\/europly.nl\/wp-content\/uploads\/header-afbeelding.jpg?id=1328) !important;background-position: center !important;background-repeat: no-repeat !important;background-size: cover !important;}&#8220; el_class=&#8220;sidebar-box&#8220;][vc_empty_space height=&#8220;5vh&#8220;][vc_row_inner el_class=&#8220;wood-box&#8220;][vc_column_inner][vc_custom_heading text=&#8220;LAGERWARE \/ ANFRAGE&#8220; font_container=&#8220;tag:p|font_size:1.6em|text_align:center|color:%23ffffff&#8220; use_theme_fonts=&#8220;yes&#8220;][vc_btn title=&#8220;PLATTENPROGRAMM&#8220; style=&#8220;outline&#8220; shape=&#8220;square&#8220; color=&#8220;danger&#8220; link=&#8220;url:https%3A%2F%2Feuroply.nl%2Fde%2Fplattensorte%2F|||&#8220;][vc_btn title=&#8220;HOLZART&#8220; style=&#8220;outline&#8220; shape=&#8220;square&#8220; color=&#8220;danger&#8220; link=&#8220;url:https%3A%2F%2Feuroply.nl%2Fde%2Fholzart%2F|||&#8220;][\/vc_column_inner][\/vc_row_inner][vc_empty_space height=&#8220;5vh&#8220;][\/vc_column][vc_column width=&#8220;1\/3&#8243; offset=&#8220;vc_col-lg-offset-1 vc_col-md-4&#8243;][vc_widget_sidebar sidebar_id=&#8220;sidebar&#8220;][\/vc_column][\/vc_row][vc_row full_width=&#8220;stretch_row_content&#8220; equal_height=&#8220;yes&#8220; content_placement=&#8220;middle&#8220; css=&#8220;.vc_custom_1530619041528{margin-top: 25px !important;background-color: #bd2e29 !important;}&#8220; el_class=&#8220;wit&#8220;][vc_column width=&#8220;1\/2&#8243; css=&#8220;.vc_custom_1530100857115{padding-top: 60px !important;padding-right: 40px !important;padding-bottom: 25px !important;padding-left: 70px !important;background-color: #bd2e29 !important;}&#8220; el_class=&#8220;wit usp&#8220; offset=&#8220;vc_col-lg-offset-0&#8243;][vc_cta h2=&#8220;S\u00e4gen? Hobeln? Profilieren? K\u00fcrzen? Einkerben? Verleimen?&#8220; h4=&#8220;Kein problem!&#8220;]Mehr wissen? <a href=\"tel:+31315-695151\">+31 (315) 695 151<\/a>[\/vc_cta][\/vc_column][vc_column parallax=&#8220;content-moving&#8220; parallax_image=&#8220;1784&#8243; width=&#8220;1\/2&#8243; css=&#8220;.vc_custom_1530110638851{padding-top: 40px !important;padding-bottom: 40px !important;background-position: center !important;background-repeat: no-repeat !important;background-size: cover !important;}&#8220;][\/vc_column][\/vc_row]<\/p>\n","protected":false},"excerpt":{"rendered":"<p>[vc_row el_class=&#8220;black-box&#8220;][vc_column offset=&#8220;vc_col-lg-offset-0 vc_col-lg-7 vc_col-md-8&#8243;][vc_custom_heading source=&#8220;post_title&#8220; font_container=&#8220;tag:h1|text_align:left&#8220; use_theme_fonts=&#8220;yes&#8220;][vc_column_text] Suchen Sie [&hellip;]<\/p>\n","protected":false},"author":7,"featured_media":0,"parent":832,"menu_order":75,"comment_status":"open","ping_status":"open","template":"","meta":{"_acf_changed":false,"footnotes":""},"class_list":["post-523","page","type-page","status-publish","hentry"],"acf":[],"yoast_head":"<!-- This site is optimized with the Yoast SEO plugin v27.5 - https:\/\/yoast.com\/product\/yoast-seo-wordpress\/ -->\n<title>Eiche Trockenware (EU) - Europly<\/title>\n<meta name=\"robots\" content=\"index, follow, max-snippet:-1, max-image-preview:large, max-video-preview:-1\" \/>\n<link rel=\"canonical\" href=\"https:\/\/europly.nl\/de\/lieferanten-fuer-eiche\/eiche-trockenware-eu\/\" \/>\n<meta property=\"og:locale\" content=\"de_DE\" \/>\n<meta property=\"og:type\" content=\"article\" \/>\n<meta property=\"og:title\" content=\"Eiche Trockenware (EU) - Europly\" \/>\n<meta property=\"og:description\" content=\"[vc_row el_class=&#8220;black-box&#8220;][vc_column offset=&#8220;vc_col-lg-offset-0 vc_col-lg-7 vc_col-md-8&#8243;][vc_custom_heading source=&#8220;post_title&#8220; font_container=&#8220;tag:h1|text_align:left&#8220; use_theme_fonts=&#8220;yes&#8220;][vc_column_text] Suchen Sie [&hellip;]\" \/>\n<meta property=\"og:url\" content=\"https:\/\/europly.nl\/de\/lieferanten-fuer-eiche\/eiche-trockenware-eu\/\" \/>\n<meta property=\"og:site_name\" content=\"Europly\" \/>\n<meta property=\"article:modified_time\" content=\"2018-07-10T07:47:08+00:00\" \/>\n<meta property=\"og:image\" content=\"http:\/\/europly.nl\/wp-content\/uploads\/ruw-hout.jpg\" \/>\n<meta name=\"twitter:label1\" content=\"Gesch\u00e4tzte Lesezeit\" \/>\n\t<meta name=\"twitter:data1\" content=\"2\u00a0Minuten\" \/>\n<script type=\"application\/ld+json\" class=\"yoast-schema-graph\">{\"@context\":\"https:\\\/\\\/schema.org\",\"@graph\":[{\"@type\":\"WebPage\",\"@id\":\"https:\\\/\\\/europly.nl\\\/de\\\/lieferanten-fuer-eiche\\\/eiche-trockenware-eu\\\/\",\"url\":\"https:\\\/\\\/europly.nl\\\/de\\\/lieferanten-fuer-eiche\\\/eiche-trockenware-eu\\\/\",\"name\":\"Eiche Trockenware (EU) - Europly\",\"isPartOf\":{\"@id\":\"https:\\\/\\\/europly.nl\\\/#website\"},\"primaryImageOfPage\":{\"@id\":\"https:\\\/\\\/europly.nl\\\/de\\\/lieferanten-fuer-eiche\\\/eiche-trockenware-eu\\\/#primaryimage\"},\"image\":{\"@id\":\"https:\\\/\\\/europly.nl\\\/de\\\/lieferanten-fuer-eiche\\\/eiche-trockenware-eu\\\/#primaryimage\"},\"thumbnailUrl\":\"http:\\\/\\\/europly.nl\\\/wp-content\\\/uploads\\\/ruw-hout.jpg\",\"datePublished\":\"2016-01-19T10:19:57+00:00\",\"dateModified\":\"2018-07-10T07:47:08+00:00\",\"breadcrumb\":{\"@id\":\"https:\\\/\\\/europly.nl\\\/de\\\/lieferanten-fuer-eiche\\\/eiche-trockenware-eu\\\/#breadcrumb\"},\"inLanguage\":\"de-DE\",\"potentialAction\":[{\"@type\":\"ReadAction\",\"target\":[\"https:\\\/\\\/europly.nl\\\/de\\\/lieferanten-fuer-eiche\\\/eiche-trockenware-eu\\\/\"]}]},{\"@type\":\"ImageObject\",\"inLanguage\":\"de-DE\",\"@id\":\"https:\\\/\\\/europly.nl\\\/de\\\/lieferanten-fuer-eiche\\\/eiche-trockenware-eu\\\/#primaryimage\",\"url\":\"http:\\\/\\\/europly.nl\\\/wp-content\\\/uploads\\\/ruw-hout.jpg\",\"contentUrl\":\"http:\\\/\\\/europly.nl\\\/wp-content\\\/uploads\\\/ruw-hout.jpg\"},{\"@type\":\"BreadcrumbList\",\"@id\":\"https:\\\/\\\/europly.nl\\\/de\\\/lieferanten-fuer-eiche\\\/eiche-trockenware-eu\\\/#breadcrumb\",\"itemListElement\":[{\"@type\":\"ListItem\",\"position\":1,\"name\":\"Home\",\"item\":\"https:\\\/\\\/europly.nl\\\/de\\\/\"},{\"@type\":\"ListItem\",\"position\":2,\"name\":\"Lieferanten f\u00fcr Eiche\",\"item\":\"https:\\\/\\\/europly.nl\\\/de\\\/lieferanten-fuer-eiche\\\/\"},{\"@type\":\"ListItem\",\"position\":3,\"name\":\"Eiche Trockenware (EU)\"}]},{\"@type\":\"WebSite\",\"@id\":\"https:\\\/\\\/europly.nl\\\/#website\",\"url\":\"https:\\\/\\\/europly.nl\\\/\",\"name\":\"Europly\",\"description\":\"Woodproducts\",\"publisher\":{\"@id\":\"https:\\\/\\\/europly.nl\\\/#organization\"},\"potentialAction\":[{\"@type\":\"SearchAction\",\"target\":{\"@type\":\"EntryPoint\",\"urlTemplate\":\"https:\\\/\\\/europly.nl\\\/?s={search_term_string}\"},\"query-input\":{\"@type\":\"PropertyValueSpecification\",\"valueRequired\":true,\"valueName\":\"search_term_string\"}}],\"inLanguage\":\"de-DE\"},{\"@type\":\"Organization\",\"@id\":\"https:\\\/\\\/europly.nl\\\/#organization\",\"name\":\"Europly Woodproducts\",\"url\":\"https:\\\/\\\/europly.nl\\\/\",\"logo\":{\"@type\":\"ImageObject\",\"inLanguage\":\"de-DE\",\"@id\":\"https:\\\/\\\/europly.nl\\\/#\\\/schema\\\/logo\\\/image\\\/\",\"url\":\"https:\\\/\\\/europly.nl\\\/wp-content\\\/uploads\\\/logo-standaard.jpg\",\"contentUrl\":\"https:\\\/\\\/europly.nl\\\/wp-content\\\/uploads\\\/logo-standaard.jpg\",\"width\":782,\"height\":289,\"caption\":\"Europly Woodproducts\"},\"image\":{\"@id\":\"https:\\\/\\\/europly.nl\\\/#\\\/schema\\\/logo\\\/image\\\/\"}}]}<\/script>\n<!-- \/ Yoast SEO plugin. -->","yoast_head_json":{"title":"Eiche Trockenware (EU) - Europly","robots":{"index":"index","follow":"follow","max-snippet":"max-snippet:-1","max-image-preview":"max-image-preview:large","max-video-preview":"max-video-preview:-1"},"canonical":"https:\/\/europly.nl\/de\/lieferanten-fuer-eiche\/eiche-trockenware-eu\/","og_locale":"de_DE","og_type":"article","og_title":"Eiche Trockenware (EU) - Europly","og_description":"[vc_row el_class=&#8220;black-box&#8220;][vc_column offset=&#8220;vc_col-lg-offset-0 vc_col-lg-7 vc_col-md-8&#8243;][vc_custom_heading source=&#8220;post_title&#8220; font_container=&#8220;tag:h1|text_align:left&#8220; use_theme_fonts=&#8220;yes&#8220;][vc_column_text] Suchen Sie [&hellip;]","og_url":"https:\/\/europly.nl\/de\/lieferanten-fuer-eiche\/eiche-trockenware-eu\/","og_site_name":"Europly","article_modified_time":"2018-07-10T07:47:08+00:00","og_image":[{"url":"http:\/\/europly.nl\/wp-content\/uploads\/ruw-hout.jpg","type":"","width":"","height":""}],"twitter_misc":{"Gesch\u00e4tzte Lesezeit":"2\u00a0Minuten"},"schema":{"@context":"https:\/\/schema.org","@graph":[{"@type":"WebPage","@id":"https:\/\/europly.nl\/de\/lieferanten-fuer-eiche\/eiche-trockenware-eu\/","url":"https:\/\/europly.nl\/de\/lieferanten-fuer-eiche\/eiche-trockenware-eu\/","name":"Eiche Trockenware (EU) - Europly","isPartOf":{"@id":"https:\/\/europly.nl\/#website"},"primaryImageOfPage":{"@id":"https:\/\/europly.nl\/de\/lieferanten-fuer-eiche\/eiche-trockenware-eu\/#primaryimage"},"image":{"@id":"https:\/\/europly.nl\/de\/lieferanten-fuer-eiche\/eiche-trockenware-eu\/#primaryimage"},"thumbnailUrl":"http:\/\/europly.nl\/wp-content\/uploads\/ruw-hout.jpg","datePublished":"2016-01-19T10:19:57+00:00","dateModified":"2018-07-10T07:47:08+00:00","breadcrumb":{"@id":"https:\/\/europly.nl\/de\/lieferanten-fuer-eiche\/eiche-trockenware-eu\/#breadcrumb"},"inLanguage":"de-DE","potentialAction":[{"@type":"ReadAction","target":["https:\/\/europly.nl\/de\/lieferanten-fuer-eiche\/eiche-trockenware-eu\/"]}]},{"@type":"ImageObject","inLanguage":"de-DE","@id":"https:\/\/europly.nl\/de\/lieferanten-fuer-eiche\/eiche-trockenware-eu\/#primaryimage","url":"http:\/\/europly.nl\/wp-content\/uploads\/ruw-hout.jpg","contentUrl":"http:\/\/europly.nl\/wp-content\/uploads\/ruw-hout.jpg"},{"@type":"BreadcrumbList","@id":"https:\/\/europly.nl\/de\/lieferanten-fuer-eiche\/eiche-trockenware-eu\/#breadcrumb","itemListElement":[{"@type":"ListItem","position":1,"name":"Home","item":"https:\/\/europly.nl\/de\/"},{"@type":"ListItem","position":2,"name":"Lieferanten f\u00fcr Eiche","item":"https:\/\/europly.nl\/de\/lieferanten-fuer-eiche\/"},{"@type":"ListItem","position":3,"name":"Eiche Trockenware (EU)"}]},{"@type":"WebSite","@id":"https:\/\/europly.nl\/#website","url":"https:\/\/europly.nl\/","name":"Europly","description":"Woodproducts","publisher":{"@id":"https:\/\/europly.nl\/#organization"},"potentialAction":[{"@type":"SearchAction","target":{"@type":"EntryPoint","urlTemplate":"https:\/\/europly.nl\/?s={search_term_string}"},"query-input":{"@type":"PropertyValueSpecification","valueRequired":true,"valueName":"search_term_string"}}],"inLanguage":"de-DE"},{"@type":"Organization","@id":"https:\/\/europly.nl\/#organization","name":"Europly Woodproducts","url":"https:\/\/europly.nl\/","logo":{"@type":"ImageObject","inLanguage":"de-DE","@id":"https:\/\/europly.nl\/#\/schema\/logo\/image\/","url":"https:\/\/europly.nl\/wp-content\/uploads\/logo-standaard.jpg","contentUrl":"https:\/\/europly.nl\/wp-content\/uploads\/logo-standaard.jpg","width":782,"height":289,"caption":"Europly Woodproducts"},"image":{"@id":"https:\/\/europly.nl\/#\/schema\/logo\/image\/"}}]}},"_links":{"self":[{"href":"https:\/\/europly.nl\/de\/wp-json\/wp\/v2\/pages\/523","targetHints":{"allow":["GET"]}}],"collection":[{"href":"https:\/\/europly.nl\/de\/wp-json\/wp\/v2\/pages"}],"about":[{"href":"https:\/\/europly.nl\/de\/wp-json\/wp\/v2\/types\/page"}],"author":[{"embeddable":true,"href":"https:\/\/europly.nl\/de\/wp-json\/wp\/v2\/users\/7"}],"replies":[{"embeddable":true,"href":"https:\/\/europly.nl\/de\/wp-json\/wp\/v2\/comments?post=523"}],"version-history":[{"count":6,"href":"https:\/\/europly.nl\/de\/wp-json\/wp\/v2\/pages\/523\/revisions"}],"predecessor-version":[{"id":2106,"href":"https:\/\/europly.nl\/de\/wp-json\/wp\/v2\/pages\/523\/revisions\/2106"}],"up":[{"embeddable":true,"href":"https:\/\/europly.nl\/de\/wp-json\/wp\/v2\/pages\/832"}],"wp:attachment":[{"href":"https:\/\/europly.nl\/de\/wp-json\/wp\/v2\/media?parent=523"}],"curies":[{"name":"wp","href":"https:\/\/api.w.org\/{rel}","templated":true}]}}