{"id":781,"date":"2016-01-15T14:41:37","date_gmt":"2016-01-15T13:41:37","guid":{"rendered":"http:\/\/europly.nl\/?page_id=781"},"modified":"2018-08-14T09:51:08","modified_gmt":"2018-08-14T08:51:08","slug":"holzbearbeitung","status":"publish","type":"page","link":"https:\/\/europly.nl\/de\/holzbearbeitung\/","title":{"rendered":"Holzbearbeitung"},"content":{"rendered":"<p>[vc_row el_class=&#8220;black-box&#8220;][vc_column offset=&#8220;vc_col-lg-offset-0 vc_col-lg-7 vc_col-md-8&#8243;][vc_custom_heading source=&#8220;post_title&#8220; font_container=&#8220;tag:h1|text_align:left&#8220; use_theme_fonts=&#8220;yes&#8220;][vc_column_text]<\/p>\n<h6>Welche Holzbearbeitungen k\u00f6nnen wir leisten?<\/h6>\n<p>Bei Europly verf\u00fcgen wir \u00fcber die Ausr\u00fcstung und Arbeitskraft um Ihr Holz professionell und ma\u00dfgeschneidert zu liefern. Wir verwenden Werkzeuge wie z.B. den Hundegger Speedcut SC3 die ehemalige arbeitsintensive Operationen jetzt in kurzer Zeit fertig schaffen.<\/p>\n<p><img loading=\"lazy\" decoding=\"async\" class=\"alignnone wp-image-230\" src=\"http:\/\/europly.nl\/wp-content\/uploads\/2014\/10\/houtbewerking_machinaal_6830.jpg\" alt=\"machinale houtbewerking\" width=\"458\" height=\"183\" srcset=\"https:\/\/europly.nl\/wp-content\/uploads\/2014\/10\/houtbewerking_machinaal_6830.jpg 1000w, https:\/\/europly.nl\/wp-content\/uploads\/2014\/10\/houtbewerking_machinaal_6830-300x120.jpg 300w\" sizes=\"auto, (max-width: 458px) 100vw, 458px\" \/><\/p>\n<p>Wir bearbeiten nicht nur unser eigenes Holz f\u00fcr Sie, sondern auch das Holz das Sie selbst zur Lohnverarbeitung anliefern. Europly ist Ihr Partner f\u00fcr die folgenden Bearbeitungen:<\/p>\n<table>\n<tbody>\n<tr>\n<td width=\"144\">\u00b7\u00a0\u00a0\u00a0\u00a0\u00a0\u00a0\u00a0<strong>Hobeln<\/strong><\/td>\n<td width=\"200\">\u00b7\u00a0\u00a0\u00a0\u00a0\u00a0\u00a0\u00a0<strong>K\u00fcrzen<\/strong><\/td>\n<\/tr>\n<tr>\n<td width=\"144\">\u00b7\u00a0\u00a0\u00a0\u00a0\u00a0\u00a0\u00a0<strong>S\u00e4gen<\/strong><\/td>\n<td width=\"200\">\u00b7\u00a0\u00a0\u00a0\u00a0\u00a0\u00a0\u00a0<strong>Einkerben<\/strong><\/td>\n<\/tr>\n<tr>\n<td width=\"144\">\u00b7\u00a0\u00a0\u00a0\u00a0\u00a0\u00a0 <strong>Profilieren<\/strong><\/td>\n<td width=\"200\">\u00b7\u00a0\u00a0\u00a0\u00a0\u00a0\u00a0 <strong>Verleimen<\/strong><\/td>\n<\/tr>\n<\/tbody>\n<\/table>\n<p>Auch sind wir ein flexiblen Lieferanten f\u00fcr die Verpackungsindustrie, Holz gem\u00e4\u00df ISPM 15 behandeln, auf L\u00e4nge k\u00fcrzen\u00a0und versehen von die richtigen\u00a0stempel, eventuell\u00a0mit\u00a0Zertifikat. Aber auch Staumaterial und Kanth\u00f6lzer\u00a0ISPM 15 behandeln und\u00a0pro\u00a0St\u00fcck stempeln, es geh\u00f6rt alles zu unsere M\u00f6glichkeiten.<\/p>\n<div class=\"green\"><center><a href=\"\/kontakt\"><strong>Angebotsanfrage?<\/strong>\u00a0+31 (0)315 69 51 51<\/a><\/center><\/div>\n<p>[\/vc_column_text][\/vc_column][vc_column css_animation=&#8220;none&#8220; width=&#8220;2\/3&#8243; offset=&#8220;vc_col-lg-offset-1 vc_col-md-4 vc_col-xs-12&#8243; css=&#8220;.vc_custom_1534236655210{margin-bottom: 30px !important;background-image: url(https:\/\/europly.nl\/wp-content\/uploads\/header-afbeelding.jpg?id=1328) !important;background-position: center !important;background-repeat: no-repeat !important;background-size: cover !important;}&#8220; el_class=&#8220;sidebar-box&#8220;][vc_empty_space height=&#8220;5vh&#8220;][vc_row_inner el_class=&#8220;wood-box&#8220;][vc_column_inner][vc_custom_heading text=&#8220;LAGERWARE \/ ANFRAGE&#8220; font_container=&#8220;tag:p|font_size:1.6em|text_align:center|color:%23ffffff&#8220; use_theme_fonts=&#8220;yes&#8220;][vc_btn title=&#8220;PLATTENPROGRAMM&#8220; style=&#8220;outline&#8220; shape=&#8220;square&#8220; color=&#8220;danger&#8220; link=&#8220;url:https%3A%2F%2Feuroply.nl%2Fde%2Fplattensorte%2F|||&#8220;][vc_btn title=&#8220;HOLZART&#8220; style=&#8220;outline&#8220; shape=&#8220;square&#8220; color=&#8220;danger&#8220; link=&#8220;url:https%3A%2F%2Feuroply.nl%2Fde%2Fholzart%2F|||&#8220;][\/vc_column_inner][\/vc_row_inner][vc_empty_space height=&#8220;5vh&#8220;][\/vc_column][vc_column width=&#8220;1\/3&#8243; offset=&#8220;vc_col-lg-offset-1 vc_col-xs-12&#8243;][vc_widget_sidebar sidebar_id=&#8220;sidebar&#8220;][\/vc_column][\/vc_row][vc_row full_width=&#8220;stretch_row_content&#8220; equal_height=&#8220;yes&#8220; content_placement=&#8220;middle&#8220; css=&#8220;.vc_custom_1530619041528{margin-top: 25px !important;background-color: #bd2e29 !important;}&#8220; el_class=&#8220;wit&#8220;][vc_column width=&#8220;1\/2&#8243; css=&#8220;.vc_custom_1530100857115{padding-top: 60px !important;padding-right: 40px !important;padding-bottom: 25px !important;padding-left: 70px !important;background-color: #bd2e29 !important;}&#8220; el_class=&#8220;wit usp&#8220; offset=&#8220;vc_col-lg-offset-0&#8243;][vc_cta h2=&#8220;S\u00e4gen? Hobeln? Profilieren? K\u00fcrzen? Einkerben? Verleimen?&#8220; h4=&#8220;Kein problem!&#8220;]Mehr wissen? <a href=\"tel:+31315-695151\">+31 (315) 695 151<\/a>[\/vc_cta][\/vc_column][vc_column parallax=&#8220;content-moving&#8220; parallax_image=&#8220;1784&#8243; width=&#8220;1\/2&#8243; css=&#8220;.vc_custom_1530110638851{padding-top: 40px !important;padding-bottom: 40px !important;background-position: center !important;background-repeat: no-repeat !important;background-size: cover !important;}&#8220;][\/vc_column][\/vc_row]<\/p>\n","protected":false},"excerpt":{"rendered":"<p>[vc_row el_class=&#8220;black-box&#8220;][vc_column offset=&#8220;vc_col-lg-offset-0 vc_col-lg-7 vc_col-md-8&#8243;][vc_custom_heading source=&#8220;post_title&#8220; font_container=&#8220;tag:h1|text_align:left&#8220; use_theme_fonts=&#8220;yes&#8220;][vc_column_text] Welche Holzbearbeitungen [&hellip;]<\/p>\n","protected":false},"author":3,"featured_media":0,"parent":0,"menu_order":41,"comment_status":"open","ping_status":"open","template":"","meta":{"_acf_changed":false,"footnotes":""},"class_list":["post-781","page","type-page","status-publish","hentry"],"acf":[],"yoast_head":"<!-- This site is optimized with the Yoast SEO plugin v27.5 - https:\/\/yoast.com\/product\/yoast-seo-wordpress\/ -->\n<title>Holzbearbeitung - Europly<\/title>\n<meta name=\"robots\" content=\"index, follow, max-snippet:-1, max-image-preview:large, max-video-preview:-1\" \/>\n<link rel=\"canonical\" href=\"https:\/\/europly.nl\/de\/holzbearbeitung\/\" \/>\n<meta property=\"og:locale\" content=\"de_DE\" \/>\n<meta property=\"og:type\" content=\"article\" \/>\n<meta property=\"og:title\" content=\"Holzbearbeitung - Europly\" \/>\n<meta property=\"og:description\" content=\"[vc_row el_class=&#8220;black-box&#8220;][vc_column offset=&#8220;vc_col-lg-offset-0 vc_col-lg-7 vc_col-md-8&#8243;][vc_custom_heading source=&#8220;post_title&#8220; font_container=&#8220;tag:h1|text_align:left&#8220; use_theme_fonts=&#8220;yes&#8220;][vc_column_text] Welche Holzbearbeitungen [&hellip;]\" \/>\n<meta property=\"og:url\" content=\"https:\/\/europly.nl\/de\/holzbearbeitung\/\" \/>\n<meta property=\"og:site_name\" content=\"Europly\" \/>\n<meta property=\"article:modified_time\" content=\"2018-08-14T08:51:08+00:00\" \/>\n<meta property=\"og:image\" content=\"http:\/\/europly.nl\/wp-content\/uploads\/2014\/10\/houtbewerking_machinaal_6830.jpg\" \/>\n<meta name=\"twitter:label1\" content=\"Gesch\u00e4tzte Lesezeit\" \/>\n\t<meta name=\"twitter:data1\" content=\"2\u00a0Minuten\" \/>\n<script type=\"application\/ld+json\" class=\"yoast-schema-graph\">{\"@context\":\"https:\\\/\\\/schema.org\",\"@graph\":[{\"@type\":\"WebPage\",\"@id\":\"https:\\\/\\\/europly.nl\\\/de\\\/holzbearbeitung\\\/\",\"url\":\"https:\\\/\\\/europly.nl\\\/de\\\/holzbearbeitung\\\/\",\"name\":\"Holzbearbeitung - Europly\",\"isPartOf\":{\"@id\":\"https:\\\/\\\/europly.nl\\\/#website\"},\"primaryImageOfPage\":{\"@id\":\"https:\\\/\\\/europly.nl\\\/de\\\/holzbearbeitung\\\/#primaryimage\"},\"image\":{\"@id\":\"https:\\\/\\\/europly.nl\\\/de\\\/holzbearbeitung\\\/#primaryimage\"},\"thumbnailUrl\":\"http:\\\/\\\/europly.nl\\\/wp-content\\\/uploads\\\/2014\\\/10\\\/houtbewerking_machinaal_6830.jpg\",\"datePublished\":\"2016-01-15T13:41:37+00:00\",\"dateModified\":\"2018-08-14T08:51:08+00:00\",\"breadcrumb\":{\"@id\":\"https:\\\/\\\/europly.nl\\\/de\\\/holzbearbeitung\\\/#breadcrumb\"},\"inLanguage\":\"de-DE\",\"potentialAction\":[{\"@type\":\"ReadAction\",\"target\":[\"https:\\\/\\\/europly.nl\\\/de\\\/holzbearbeitung\\\/\"]}]},{\"@type\":\"ImageObject\",\"inLanguage\":\"de-DE\",\"@id\":\"https:\\\/\\\/europly.nl\\\/de\\\/holzbearbeitung\\\/#primaryimage\",\"url\":\"http:\\\/\\\/europly.nl\\\/wp-content\\\/uploads\\\/2014\\\/10\\\/houtbewerking_machinaal_6830.jpg\",\"contentUrl\":\"http:\\\/\\\/europly.nl\\\/wp-content\\\/uploads\\\/2014\\\/10\\\/houtbewerking_machinaal_6830.jpg\"},{\"@type\":\"BreadcrumbList\",\"@id\":\"https:\\\/\\\/europly.nl\\\/de\\\/holzbearbeitung\\\/#breadcrumb\",\"itemListElement\":[{\"@type\":\"ListItem\",\"position\":1,\"name\":\"Home\",\"item\":\"https:\\\/\\\/europly.nl\\\/de\\\/\"},{\"@type\":\"ListItem\",\"position\":2,\"name\":\"Holzbearbeitung\"}]},{\"@type\":\"WebSite\",\"@id\":\"https:\\\/\\\/europly.nl\\\/#website\",\"url\":\"https:\\\/\\\/europly.nl\\\/\",\"name\":\"Europly\",\"description\":\"Woodproducts\",\"publisher\":{\"@id\":\"https:\\\/\\\/europly.nl\\\/#organization\"},\"potentialAction\":[{\"@type\":\"SearchAction\",\"target\":{\"@type\":\"EntryPoint\",\"urlTemplate\":\"https:\\\/\\\/europly.nl\\\/?s={search_term_string}\"},\"query-input\":{\"@type\":\"PropertyValueSpecification\",\"valueRequired\":true,\"valueName\":\"search_term_string\"}}],\"inLanguage\":\"de-DE\"},{\"@type\":\"Organization\",\"@id\":\"https:\\\/\\\/europly.nl\\\/#organization\",\"name\":\"Europly Woodproducts\",\"url\":\"https:\\\/\\\/europly.nl\\\/\",\"logo\":{\"@type\":\"ImageObject\",\"inLanguage\":\"de-DE\",\"@id\":\"https:\\\/\\\/europly.nl\\\/#\\\/schema\\\/logo\\\/image\\\/\",\"url\":\"https:\\\/\\\/europly.nl\\\/wp-content\\\/uploads\\\/logo-standaard.jpg\",\"contentUrl\":\"https:\\\/\\\/europly.nl\\\/wp-content\\\/uploads\\\/logo-standaard.jpg\",\"width\":782,\"height\":289,\"caption\":\"Europly Woodproducts\"},\"image\":{\"@id\":\"https:\\\/\\\/europly.nl\\\/#\\\/schema\\\/logo\\\/image\\\/\"}}]}<\/script>\n<!-- \/ Yoast SEO plugin. -->","yoast_head_json":{"title":"Holzbearbeitung - Europly","robots":{"index":"index","follow":"follow","max-snippet":"max-snippet:-1","max-image-preview":"max-image-preview:large","max-video-preview":"max-video-preview:-1"},"canonical":"https:\/\/europly.nl\/de\/holzbearbeitung\/","og_locale":"de_DE","og_type":"article","og_title":"Holzbearbeitung - Europly","og_description":"[vc_row el_class=&#8220;black-box&#8220;][vc_column offset=&#8220;vc_col-lg-offset-0 vc_col-lg-7 vc_col-md-8&#8243;][vc_custom_heading source=&#8220;post_title&#8220; font_container=&#8220;tag:h1|text_align:left&#8220; use_theme_fonts=&#8220;yes&#8220;][vc_column_text] Welche Holzbearbeitungen [&hellip;]","og_url":"https:\/\/europly.nl\/de\/holzbearbeitung\/","og_site_name":"Europly","article_modified_time":"2018-08-14T08:51:08+00:00","og_image":[{"url":"http:\/\/europly.nl\/wp-content\/uploads\/2014\/10\/houtbewerking_machinaal_6830.jpg","type":"","width":"","height":""}],"twitter_misc":{"Gesch\u00e4tzte Lesezeit":"2\u00a0Minuten"},"schema":{"@context":"https:\/\/schema.org","@graph":[{"@type":"WebPage","@id":"https:\/\/europly.nl\/de\/holzbearbeitung\/","url":"https:\/\/europly.nl\/de\/holzbearbeitung\/","name":"Holzbearbeitung - Europly","isPartOf":{"@id":"https:\/\/europly.nl\/#website"},"primaryImageOfPage":{"@id":"https:\/\/europly.nl\/de\/holzbearbeitung\/#primaryimage"},"image":{"@id":"https:\/\/europly.nl\/de\/holzbearbeitung\/#primaryimage"},"thumbnailUrl":"http:\/\/europly.nl\/wp-content\/uploads\/2014\/10\/houtbewerking_machinaal_6830.jpg","datePublished":"2016-01-15T13:41:37+00:00","dateModified":"2018-08-14T08:51:08+00:00","breadcrumb":{"@id":"https:\/\/europly.nl\/de\/holzbearbeitung\/#breadcrumb"},"inLanguage":"de-DE","potentialAction":[{"@type":"ReadAction","target":["https:\/\/europly.nl\/de\/holzbearbeitung\/"]}]},{"@type":"ImageObject","inLanguage":"de-DE","@id":"https:\/\/europly.nl\/de\/holzbearbeitung\/#primaryimage","url":"http:\/\/europly.nl\/wp-content\/uploads\/2014\/10\/houtbewerking_machinaal_6830.jpg","contentUrl":"http:\/\/europly.nl\/wp-content\/uploads\/2014\/10\/houtbewerking_machinaal_6830.jpg"},{"@type":"BreadcrumbList","@id":"https:\/\/europly.nl\/de\/holzbearbeitung\/#breadcrumb","itemListElement":[{"@type":"ListItem","position":1,"name":"Home","item":"https:\/\/europly.nl\/de\/"},{"@type":"ListItem","position":2,"name":"Holzbearbeitung"}]},{"@type":"WebSite","@id":"https:\/\/europly.nl\/#website","url":"https:\/\/europly.nl\/","name":"Europly","description":"Woodproducts","publisher":{"@id":"https:\/\/europly.nl\/#organization"},"potentialAction":[{"@type":"SearchAction","target":{"@type":"EntryPoint","urlTemplate":"https:\/\/europly.nl\/?s={search_term_string}"},"query-input":{"@type":"PropertyValueSpecification","valueRequired":true,"valueName":"search_term_string"}}],"inLanguage":"de-DE"},{"@type":"Organization","@id":"https:\/\/europly.nl\/#organization","name":"Europly Woodproducts","url":"https:\/\/europly.nl\/","logo":{"@type":"ImageObject","inLanguage":"de-DE","@id":"https:\/\/europly.nl\/#\/schema\/logo\/image\/","url":"https:\/\/europly.nl\/wp-content\/uploads\/logo-standaard.jpg","contentUrl":"https:\/\/europly.nl\/wp-content\/uploads\/logo-standaard.jpg","width":782,"height":289,"caption":"Europly Woodproducts"},"image":{"@id":"https:\/\/europly.nl\/#\/schema\/logo\/image\/"}}]}},"_links":{"self":[{"href":"https:\/\/europly.nl\/de\/wp-json\/wp\/v2\/pages\/781","targetHints":{"allow":["GET"]}}],"collection":[{"href":"https:\/\/europly.nl\/de\/wp-json\/wp\/v2\/pages"}],"about":[{"href":"https:\/\/europly.nl\/de\/wp-json\/wp\/v2\/types\/page"}],"author":[{"embeddable":true,"href":"https:\/\/europly.nl\/de\/wp-json\/wp\/v2\/users\/3"}],"replies":[{"embeddable":true,"href":"https:\/\/europly.nl\/de\/wp-json\/wp\/v2\/comments?post=781"}],"version-history":[{"count":7,"href":"https:\/\/europly.nl\/de\/wp-json\/wp\/v2\/pages\/781\/revisions"}],"predecessor-version":[{"id":2193,"href":"https:\/\/europly.nl\/de\/wp-json\/wp\/v2\/pages\/781\/revisions\/2193"}],"wp:attachment":[{"href":"https:\/\/europly.nl\/de\/wp-json\/wp\/v2\/media?parent=781"}],"curies":[{"name":"wp","href":"https:\/\/api.w.org\/{rel}","templated":true}]}}