{"id":814,"date":"2016-01-15T14:54:44","date_gmt":"2016-01-15T13:54:44","guid":{"rendered":"http:\/\/europly.nl\/?page_id=814"},"modified":"2018-08-14T09:49:41","modified_gmt":"2018-08-14T08:49:41","slug":"fichte","status":"publish","type":"page","link":"https:\/\/europly.nl\/de\/fichte\/","title":{"rendered":"Fichte"},"content":{"rendered":"<p>[vc_row el_class=&#8220;black-box&#8220;][vc_column offset=&#8220;vc_col-lg-offset-0 vc_col-lg-7 vc_col-md-8&#8243;][vc_custom_heading source=&#8220;post_title&#8220; font_container=&#8220;tag:h1|text_align:left&#8220; use_theme_fonts=&#8220;yes&#8220;][vc_column_text]<img loading=\"lazy\" decoding=\"async\" class=\"alignnone wp-image-234 size-full\" src=\"http:\/\/europly.nl\/wp-content\/uploads\/2014\/10\/ruwhout_vuren_6819.jpg\" alt=\"vurenhout ruwhout\" width=\"1000\" height=\"400\" srcset=\"https:\/\/europly.nl\/wp-content\/uploads\/2014\/10\/ruwhout_vuren_6819.jpg 1000w, https:\/\/europly.nl\/wp-content\/uploads\/2014\/10\/ruwhout_vuren_6819-300x120.jpg 300w\" sizes=\"auto, (max-width: 1000px) 100vw, 1000px\" \/><\/p>\n<h6>Warum Fichte?<\/h6>\n<p>Fichte Holz ist in Europa die am h\u00e4ufigsten verwendete Holzart, geeignet f\u00fcr die Verarbeitung in der M\u00f6belindustrie, den Bau Sektor, das Innenbereich, die Verpackungsindustrie, und so weiter. Es ist nicht nur leicht zu verarbeiten, sondern auch relativ billig.<\/p>\n<p>Ein gro\u00dfer Teil unserer Fichte ist FSC-zertifiziert und ISPM-15-behandeld. Bei uns k\u00f6nnen Sie die Fichte auf Ma\u00df produziert bestellen, eventuell pro Produktkode verpackt.<\/p>\n<p>Auch k\u00f6nnen wir Ihr eigenes Holz in Lohnarbeit f\u00fcr Sie bearbeiten. Informieren Sie sich \u00fcber die M\u00f6glichkeiten.<\/p>\n<div class=\"green\"><center><a href=\"\/kontakt\"><strong>Angebotsanfrage?<\/strong>\u00a0+31 (0)315 69 51 51<\/a><\/center><\/div>\n<p>[\/vc_column_text][\/vc_column][vc_column css_animation=&#8220;none&#8220; width=&#8220;2\/3&#8243; offset=&#8220;vc_col-lg-offset-1 vc_col-md-4 vc_col-xs-12&#8243; css=&#8220;.vc_custom_1534236563518{margin-bottom: 30px !important;background-image: url(https:\/\/europly.nl\/wp-content\/uploads\/header-afbeelding.jpg?id=1328) !important;background-position: center !important;background-repeat: no-repeat !important;background-size: cover !important;}&#8220; el_class=&#8220;sidebar-box&#8220;][vc_empty_space height=&#8220;5vh&#8220;][vc_row_inner el_class=&#8220;wood-box&#8220;][vc_column_inner][vc_custom_heading text=&#8220;LAGERWARE \/ ANFRAGE&#8220; font_container=&#8220;tag:p|font_size:1.6em|text_align:center|color:%23ffffff&#8220; use_theme_fonts=&#8220;yes&#8220;][vc_btn title=&#8220;PLATTENPROGRAMM&#8220; style=&#8220;outline&#8220; shape=&#8220;square&#8220; color=&#8220;danger&#8220; link=&#8220;url:https%3A%2F%2Feuroply.nl%2Fde%2Fplattensorte%2F|||&#8220;][vc_btn title=&#8220;HOLZART&#8220; style=&#8220;outline&#8220; shape=&#8220;square&#8220; color=&#8220;danger&#8220; link=&#8220;url:https%3A%2F%2Feuroply.nl%2Fde%2Fholzart%2F|||&#8220;][\/vc_column_inner][\/vc_row_inner][vc_empty_space height=&#8220;5vh&#8220;][\/vc_column][vc_column width=&#8220;1\/3&#8243; offset=&#8220;vc_col-lg-offset-1 vc_col-xs-12&#8243;][vc_widget_sidebar sidebar_id=&#8220;sidebar&#8220;][\/vc_column][\/vc_row][vc_row full_width=&#8220;stretch_row_content&#8220; equal_height=&#8220;yes&#8220; content_placement=&#8220;middle&#8220; css=&#8220;.vc_custom_1530619041528{margin-top: 25px !important;background-color: #bd2e29 !important;}&#8220; el_class=&#8220;wit&#8220;][vc_column width=&#8220;1\/2&#8243; css=&#8220;.vc_custom_1530100857115{padding-top: 60px !important;padding-right: 40px !important;padding-bottom: 25px !important;padding-left: 70px !important;background-color: #bd2e29 !important;}&#8220; el_class=&#8220;wit usp&#8220; offset=&#8220;vc_col-lg-offset-0&#8243;][vc_cta h2=&#8220;S\u00e4gen? Hobeln? Profilieren? K\u00fcrzen? Einkerben? Verleimen?&#8220; h4=&#8220;Kein problem!&#8220;]Mehr wissen? <a href=\"tel:+31315-695151\">+31 (315) 695 151<\/a>[\/vc_cta][\/vc_column][vc_column parallax=&#8220;content-moving&#8220; parallax_image=&#8220;1784&#8243; width=&#8220;1\/2&#8243; css=&#8220;.vc_custom_1530110638851{padding-top: 40px !important;padding-bottom: 40px !important;background-position: center !important;background-repeat: no-repeat !important;background-size: cover !important;}&#8220;][\/vc_column][\/vc_row]<\/p>\n","protected":false},"excerpt":{"rendered":"<p>[vc_row el_class=&#8220;black-box&#8220;][vc_column offset=&#8220;vc_col-lg-offset-0 vc_col-lg-7 vc_col-md-8&#8243;][vc_custom_heading source=&#8220;post_title&#8220; font_container=&#8220;tag:h1|text_align:left&#8220; use_theme_fonts=&#8220;yes&#8220;][vc_column_text] Warum Fichte? [&hellip;]<\/p>\n","protected":false},"author":3,"featured_media":0,"parent":0,"menu_order":63,"comment_status":"open","ping_status":"open","template":"","meta":{"_acf_changed":false,"footnotes":""},"class_list":["post-814","page","type-page","status-publish","hentry"],"acf":[],"yoast_head":"<!-- This site is optimized with the Yoast SEO plugin v27.5 - https:\/\/yoast.com\/product\/yoast-seo-wordpress\/ -->\n<title>Fichte - Europly<\/title>\n<meta name=\"robots\" content=\"index, follow, max-snippet:-1, max-image-preview:large, max-video-preview:-1\" \/>\n<link rel=\"canonical\" href=\"https:\/\/europly.nl\/de\/fichte\/\" \/>\n<meta property=\"og:locale\" content=\"de_DE\" \/>\n<meta property=\"og:type\" content=\"article\" \/>\n<meta property=\"og:title\" content=\"Fichte - Europly\" \/>\n<meta property=\"og:description\" content=\"[vc_row el_class=&#8220;black-box&#8220;][vc_column offset=&#8220;vc_col-lg-offset-0 vc_col-lg-7 vc_col-md-8&#8243;][vc_custom_heading source=&#8220;post_title&#8220; font_container=&#8220;tag:h1|text_align:left&#8220; use_theme_fonts=&#8220;yes&#8220;][vc_column_text] Warum Fichte? [&hellip;]\" \/>\n<meta property=\"og:url\" content=\"https:\/\/europly.nl\/de\/fichte\/\" \/>\n<meta property=\"og:site_name\" content=\"Europly\" \/>\n<meta property=\"article:modified_time\" content=\"2018-08-14T08:49:41+00:00\" \/>\n<meta property=\"og:image\" content=\"http:\/\/europly.nl\/wp-content\/uploads\/2014\/10\/ruwhout_vuren_6819.jpg\" \/>\n<meta name=\"twitter:label1\" content=\"Gesch\u00e4tzte Lesezeit\" \/>\n\t<meta name=\"twitter:data1\" content=\"2\u00a0Minuten\" \/>\n<script type=\"application\/ld+json\" class=\"yoast-schema-graph\">{\"@context\":\"https:\\\/\\\/schema.org\",\"@graph\":[{\"@type\":\"WebPage\",\"@id\":\"https:\\\/\\\/europly.nl\\\/de\\\/fichte\\\/\",\"url\":\"https:\\\/\\\/europly.nl\\\/de\\\/fichte\\\/\",\"name\":\"Fichte - Europly\",\"isPartOf\":{\"@id\":\"https:\\\/\\\/europly.nl\\\/#website\"},\"primaryImageOfPage\":{\"@id\":\"https:\\\/\\\/europly.nl\\\/de\\\/fichte\\\/#primaryimage\"},\"image\":{\"@id\":\"https:\\\/\\\/europly.nl\\\/de\\\/fichte\\\/#primaryimage\"},\"thumbnailUrl\":\"http:\\\/\\\/europly.nl\\\/wp-content\\\/uploads\\\/2014\\\/10\\\/ruwhout_vuren_6819.jpg\",\"datePublished\":\"2016-01-15T13:54:44+00:00\",\"dateModified\":\"2018-08-14T08:49:41+00:00\",\"breadcrumb\":{\"@id\":\"https:\\\/\\\/europly.nl\\\/de\\\/fichte\\\/#breadcrumb\"},\"inLanguage\":\"de-DE\",\"potentialAction\":[{\"@type\":\"ReadAction\",\"target\":[\"https:\\\/\\\/europly.nl\\\/de\\\/fichte\\\/\"]}]},{\"@type\":\"ImageObject\",\"inLanguage\":\"de-DE\",\"@id\":\"https:\\\/\\\/europly.nl\\\/de\\\/fichte\\\/#primaryimage\",\"url\":\"http:\\\/\\\/europly.nl\\\/wp-content\\\/uploads\\\/2014\\\/10\\\/ruwhout_vuren_6819.jpg\",\"contentUrl\":\"http:\\\/\\\/europly.nl\\\/wp-content\\\/uploads\\\/2014\\\/10\\\/ruwhout_vuren_6819.jpg\"},{\"@type\":\"BreadcrumbList\",\"@id\":\"https:\\\/\\\/europly.nl\\\/de\\\/fichte\\\/#breadcrumb\",\"itemListElement\":[{\"@type\":\"ListItem\",\"position\":1,\"name\":\"Home\",\"item\":\"https:\\\/\\\/europly.nl\\\/de\\\/\"},{\"@type\":\"ListItem\",\"position\":2,\"name\":\"Fichte\"}]},{\"@type\":\"WebSite\",\"@id\":\"https:\\\/\\\/europly.nl\\\/#website\",\"url\":\"https:\\\/\\\/europly.nl\\\/\",\"name\":\"Europly\",\"description\":\"Woodproducts\",\"publisher\":{\"@id\":\"https:\\\/\\\/europly.nl\\\/#organization\"},\"potentialAction\":[{\"@type\":\"SearchAction\",\"target\":{\"@type\":\"EntryPoint\",\"urlTemplate\":\"https:\\\/\\\/europly.nl\\\/?s={search_term_string}\"},\"query-input\":{\"@type\":\"PropertyValueSpecification\",\"valueRequired\":true,\"valueName\":\"search_term_string\"}}],\"inLanguage\":\"de-DE\"},{\"@type\":\"Organization\",\"@id\":\"https:\\\/\\\/europly.nl\\\/#organization\",\"name\":\"Europly Woodproducts\",\"url\":\"https:\\\/\\\/europly.nl\\\/\",\"logo\":{\"@type\":\"ImageObject\",\"inLanguage\":\"de-DE\",\"@id\":\"https:\\\/\\\/europly.nl\\\/#\\\/schema\\\/logo\\\/image\\\/\",\"url\":\"https:\\\/\\\/europly.nl\\\/wp-content\\\/uploads\\\/logo-standaard.jpg\",\"contentUrl\":\"https:\\\/\\\/europly.nl\\\/wp-content\\\/uploads\\\/logo-standaard.jpg\",\"width\":782,\"height\":289,\"caption\":\"Europly Woodproducts\"},\"image\":{\"@id\":\"https:\\\/\\\/europly.nl\\\/#\\\/schema\\\/logo\\\/image\\\/\"}}]}<\/script>\n<!-- \/ Yoast SEO plugin. -->","yoast_head_json":{"title":"Fichte - Europly","robots":{"index":"index","follow":"follow","max-snippet":"max-snippet:-1","max-image-preview":"max-image-preview:large","max-video-preview":"max-video-preview:-1"},"canonical":"https:\/\/europly.nl\/de\/fichte\/","og_locale":"de_DE","og_type":"article","og_title":"Fichte - Europly","og_description":"[vc_row el_class=&#8220;black-box&#8220;][vc_column offset=&#8220;vc_col-lg-offset-0 vc_col-lg-7 vc_col-md-8&#8243;][vc_custom_heading source=&#8220;post_title&#8220; font_container=&#8220;tag:h1|text_align:left&#8220; use_theme_fonts=&#8220;yes&#8220;][vc_column_text] Warum Fichte? [&hellip;]","og_url":"https:\/\/europly.nl\/de\/fichte\/","og_site_name":"Europly","article_modified_time":"2018-08-14T08:49:41+00:00","og_image":[{"url":"http:\/\/europly.nl\/wp-content\/uploads\/2014\/10\/ruwhout_vuren_6819.jpg","type":"","width":"","height":""}],"twitter_misc":{"Gesch\u00e4tzte Lesezeit":"2\u00a0Minuten"},"schema":{"@context":"https:\/\/schema.org","@graph":[{"@type":"WebPage","@id":"https:\/\/europly.nl\/de\/fichte\/","url":"https:\/\/europly.nl\/de\/fichte\/","name":"Fichte - Europly","isPartOf":{"@id":"https:\/\/europly.nl\/#website"},"primaryImageOfPage":{"@id":"https:\/\/europly.nl\/de\/fichte\/#primaryimage"},"image":{"@id":"https:\/\/europly.nl\/de\/fichte\/#primaryimage"},"thumbnailUrl":"http:\/\/europly.nl\/wp-content\/uploads\/2014\/10\/ruwhout_vuren_6819.jpg","datePublished":"2016-01-15T13:54:44+00:00","dateModified":"2018-08-14T08:49:41+00:00","breadcrumb":{"@id":"https:\/\/europly.nl\/de\/fichte\/#breadcrumb"},"inLanguage":"de-DE","potentialAction":[{"@type":"ReadAction","target":["https:\/\/europly.nl\/de\/fichte\/"]}]},{"@type":"ImageObject","inLanguage":"de-DE","@id":"https:\/\/europly.nl\/de\/fichte\/#primaryimage","url":"http:\/\/europly.nl\/wp-content\/uploads\/2014\/10\/ruwhout_vuren_6819.jpg","contentUrl":"http:\/\/europly.nl\/wp-content\/uploads\/2014\/10\/ruwhout_vuren_6819.jpg"},{"@type":"BreadcrumbList","@id":"https:\/\/europly.nl\/de\/fichte\/#breadcrumb","itemListElement":[{"@type":"ListItem","position":1,"name":"Home","item":"https:\/\/europly.nl\/de\/"},{"@type":"ListItem","position":2,"name":"Fichte"}]},{"@type":"WebSite","@id":"https:\/\/europly.nl\/#website","url":"https:\/\/europly.nl\/","name":"Europly","description":"Woodproducts","publisher":{"@id":"https:\/\/europly.nl\/#organization"},"potentialAction":[{"@type":"SearchAction","target":{"@type":"EntryPoint","urlTemplate":"https:\/\/europly.nl\/?s={search_term_string}"},"query-input":{"@type":"PropertyValueSpecification","valueRequired":true,"valueName":"search_term_string"}}],"inLanguage":"de-DE"},{"@type":"Organization","@id":"https:\/\/europly.nl\/#organization","name":"Europly Woodproducts","url":"https:\/\/europly.nl\/","logo":{"@type":"ImageObject","inLanguage":"de-DE","@id":"https:\/\/europly.nl\/#\/schema\/logo\/image\/","url":"https:\/\/europly.nl\/wp-content\/uploads\/logo-standaard.jpg","contentUrl":"https:\/\/europly.nl\/wp-content\/uploads\/logo-standaard.jpg","width":782,"height":289,"caption":"Europly Woodproducts"},"image":{"@id":"https:\/\/europly.nl\/#\/schema\/logo\/image\/"}}]}},"_links":{"self":[{"href":"https:\/\/europly.nl\/de\/wp-json\/wp\/v2\/pages\/814","targetHints":{"allow":["GET"]}}],"collection":[{"href":"https:\/\/europly.nl\/de\/wp-json\/wp\/v2\/pages"}],"about":[{"href":"https:\/\/europly.nl\/de\/wp-json\/wp\/v2\/types\/page"}],"author":[{"embeddable":true,"href":"https:\/\/europly.nl\/de\/wp-json\/wp\/v2\/users\/3"}],"replies":[{"embeddable":true,"href":"https:\/\/europly.nl\/de\/wp-json\/wp\/v2\/comments?post=814"}],"version-history":[{"count":5,"href":"https:\/\/europly.nl\/de\/wp-json\/wp\/v2\/pages\/814\/revisions"}],"predecessor-version":[{"id":2192,"href":"https:\/\/europly.nl\/de\/wp-json\/wp\/v2\/pages\/814\/revisions\/2192"}],"wp:attachment":[{"href":"https:\/\/europly.nl\/de\/wp-json\/wp\/v2\/media?parent=814"}],"curies":[{"name":"wp","href":"https:\/\/api.w.org\/{rel}","templated":true}]}}