{"id":832,"date":"2016-01-19T13:36:30","date_gmt":"2016-01-19T12:36:30","guid":{"rendered":"http:\/\/europly.nl\/?page_id=832"},"modified":"2018-08-14T09:14:30","modified_gmt":"2018-08-14T08:14:30","slug":"lieferanten-fuer-eiche","status":"publish","type":"page","link":"https:\/\/europly.nl\/de\/lieferanten-fuer-eiche\/","title":{"rendered":"Lieferanten f\u00fcr Eiche"},"content":{"rendered":"<p>[vc_row el_class=&#8220;black-box&#8220;][vc_column offset=&#8220;vc_col-lg-offset-0 vc_col-lg-7 vc_col-md-8&#8243;][vc_custom_heading source=&#8220;post_title&#8220; font_container=&#8220;tag:h1|text_align:left&#8220; use_theme_fonts=&#8220;yes&#8220;][vc_column_text]<\/p>\n<p style=\"text-align: justify;\">Schon seit 2001 ist Europly Woodproducts ein zuverl\u00e4ssiger Lieferanten von bes\u00e4umte Eiche. Wir importieren das Eichenholz\u00a0selbst und anschlie\u00dfend wird es hier im eigenen Haus professionell getrocknet. Das Trocknen macht\u00a0unsere Schwesterfirma\u00a0<strong>Drooghout Gendringen<\/strong>. Zusammen formieren wir die Gruppe:\u00a0\u00a0Gendringen Hout Groep.<\/p>\n<p style=\"text-align: justify;\">Eiche Trockenware liefern wir in verschiedene Qualit\u00e4ten. Dabei wenden wir neben die\u00a0QF-Normierungen auch Qualit\u00e4ten wie\u00a0Mix- und\u00a0M\u00f6belqualit\u00e4t an. Das gilt f\u00fcr beide konventionell getrocknete Eiche als f\u00fcr unsere Marke\u00a0<strong>TeeWood<\/strong>. (Teewood is Hei\u00dfdampf getrocknete Eiche wodurch es eine warme, dunkle Verf\u00e4rbung bis im Kern des Holzes bekommt)<\/p>\n<p style=\"text-align: justify;\"><strong>Umfangreiche\u00a0Auswahl in\u00a0Gr\u00f6\u00dfen<br \/>\n<\/strong>In der M\u00f6bel- und Fussb\u00f6denindustrie\u00a0werden viele unterschiedliche Abmessungen gefragt. Deswegen lagern wir eine umfangreiche\u00a0Wahl in\u00a0Gr\u00f6\u00dfen, so dass wir Ihnen auf Mass bedienen k\u00f6nnen. Standard St\u00e4rken wie\u00a027mm, 50-52mm aber\u00a0auch\u00a0dickere Varianten wie z.B.\u00a080mm sind direkt aus lager Lieferbar. Alle St\u00e4rken sind Lieferbar in verschiedene L\u00e4ngen und werden pro Paket verpackt, fertig f\u00fcr Transport!<\/p>\n<p style=\"text-align: justify;\">Wir verf\u00fcgen \u00fcber eine komplett eingerichtete Abteilung\u00a0<strong>Holzbearbeitung<\/strong>,\u00a0deswegen k\u00f6nnen wir eine sehr umfangreiche Liste von\u00a0<strong>Holzbearbeitungen<\/strong>\u00a0f\u00fcr Sie ausf\u00fchren, auf Wunsch auch als Lohnarbeit, wenn Sie Ihr eigenes Holz anliefern.<\/p>\n<p style=\"text-align: justify;\"><a href=\"http:\/\/europly.nl\/wp-content\/uploads\/bundels-eiken.jpg\" data-rel=\"lightbox-image-0\" data-rl_title=\"\" data-rl_caption=\"\" title=\"\"><img loading=\"lazy\" decoding=\"async\" class=\"alignnone wp-image-416 size-full\" src=\"http:\/\/europly.nl\/wp-content\/uploads\/bundels-eiken.jpg\" alt=\"eiken leverancier europly heeft een grote voorraad\" width=\"1000\" height=\"400\" srcset=\"https:\/\/europly.nl\/wp-content\/uploads\/bundels-eiken.jpg 1000w, https:\/\/europly.nl\/wp-content\/uploads\/bundels-eiken-300x120.jpg 300w\" sizes=\"auto, (max-width: 1000px) 100vw, 1000px\" \/><\/a><\/p>\n<p>[\/vc_column_text][\/vc_column][vc_column css_animation=&#8220;none&#8220; width=&#8220;2\/3&#8243; offset=&#8220;vc_col-lg-offset-1 vc_col-md-4 vc_col-xs-12&#8243; css=&#8220;.vc_custom_1534234441523{margin-bottom: 30px !important;background-image: url(https:\/\/europly.nl\/wp-content\/uploads\/header-afbeelding.jpg?id=1328) !important;background-position: center !important;background-repeat: no-repeat !important;background-size: cover !important;}&#8220; el_class=&#8220;sidebar-box&#8220;][vc_empty_space height=&#8220;5vh&#8220;][vc_row_inner el_class=&#8220;wood-box&#8220;][vc_column_inner][vc_custom_heading text=&#8220;LAGERWARE \/ ANFRAGE&#8220; font_container=&#8220;tag:p|font_size:1.6em|text_align:center|color:%23ffffff&#8220; use_theme_fonts=&#8220;yes&#8220;][vc_btn title=&#8220;PLATTENPROGRAMM&#8220; style=&#8220;outline&#8220; shape=&#8220;square&#8220; color=&#8220;danger&#8220; link=&#8220;url:https%3A%2F%2Feuroply.nl%2Fde%2Fplattensorte%2F|||&#8220;][vc_btn title=&#8220;HOLZART&#8220; style=&#8220;outline&#8220; shape=&#8220;square&#8220; color=&#8220;danger&#8220; link=&#8220;url:https%3A%2F%2Feuroply.nl%2Fde%2Fholzart%2F|||&#8220;][\/vc_column_inner][\/vc_row_inner][vc_empty_space height=&#8220;5vh&#8220;][\/vc_column][vc_column width=&#8220;1\/3&#8243; offset=&#8220;vc_col-lg-offset-1 vc_col-xs-12&#8243;][vc_widget_sidebar sidebar_id=&#8220;sidebar&#8220;][\/vc_column][\/vc_row][vc_row full_width=&#8220;stretch_row_content&#8220; equal_height=&#8220;yes&#8220; content_placement=&#8220;middle&#8220; css=&#8220;.vc_custom_1530619041528{margin-top: 25px !important;background-color: #bd2e29 !important;}&#8220; el_class=&#8220;wit&#8220;][vc_column width=&#8220;1\/2&#8243; css=&#8220;.vc_custom_1530100857115{padding-top: 60px !important;padding-right: 40px !important;padding-bottom: 25px !important;padding-left: 70px !important;background-color: #bd2e29 !important;}&#8220; el_class=&#8220;wit usp&#8220; offset=&#8220;vc_col-lg-offset-0&#8243;][vc_cta h2=&#8220;S\u00e4gen? Hobeln? Profilieren? K\u00fcrzen? Einkerben? Verleimen?&#8220; h4=&#8220;Kein problem!&#8220;]Mehr wissen? <a href=\"tel:+31315-695151\">+31 (315) 695 151<\/a>[\/vc_cta][\/vc_column][vc_column parallax=&#8220;content-moving&#8220; parallax_image=&#8220;1784&#8243; width=&#8220;1\/2&#8243; css=&#8220;.vc_custom_1530110638851{padding-top: 40px !important;padding-bottom: 40px !important;background-position: center !important;background-repeat: no-repeat !important;background-size: cover !important;}&#8220;][\/vc_column][\/vc_row]<\/p>\n","protected":false},"excerpt":{"rendered":"<p>[vc_row el_class=&#8220;black-box&#8220;][vc_column offset=&#8220;vc_col-lg-offset-0 vc_col-lg-7 vc_col-md-8&#8243;][vc_custom_heading source=&#8220;post_title&#8220; font_container=&#8220;tag:h1|text_align:left&#8220; use_theme_fonts=&#8220;yes&#8220;][vc_column_text] Schon seit [&hellip;]<\/p>\n","protected":false},"author":3,"featured_media":0,"parent":0,"menu_order":68,"comment_status":"open","ping_status":"open","template":"","meta":{"_acf_changed":false,"footnotes":""},"class_list":["post-832","page","type-page","status-publish","hentry"],"acf":[],"yoast_head":"<!-- This site is optimized with the Yoast SEO plugin v27.5 - https:\/\/yoast.com\/product\/yoast-seo-wordpress\/ -->\n<title>Lieferanten f\u00fcr Eiche - Europly<\/title>\n<meta name=\"robots\" content=\"index, follow, max-snippet:-1, max-image-preview:large, max-video-preview:-1\" \/>\n<link rel=\"canonical\" href=\"https:\/\/europly.nl\/de\/lieferanten-fuer-eiche\/\" \/>\n<meta property=\"og:locale\" content=\"de_DE\" \/>\n<meta property=\"og:type\" content=\"article\" \/>\n<meta property=\"og:title\" content=\"Lieferanten f\u00fcr Eiche - Europly\" \/>\n<meta property=\"og:description\" content=\"[vc_row el_class=&#8220;black-box&#8220;][vc_column offset=&#8220;vc_col-lg-offset-0 vc_col-lg-7 vc_col-md-8&#8243;][vc_custom_heading source=&#8220;post_title&#8220; font_container=&#8220;tag:h1|text_align:left&#8220; use_theme_fonts=&#8220;yes&#8220;][vc_column_text] Schon seit [&hellip;]\" \/>\n<meta property=\"og:url\" content=\"https:\/\/europly.nl\/de\/lieferanten-fuer-eiche\/\" \/>\n<meta property=\"og:site_name\" content=\"Europly\" \/>\n<meta property=\"article:modified_time\" content=\"2018-08-14T08:14:30+00:00\" \/>\n<meta property=\"og:image\" content=\"http:\/\/europly.nl\/wp-content\/uploads\/bundels-eiken.jpg\" \/>\n<meta name=\"twitter:label1\" content=\"Gesch\u00e4tzte Lesezeit\" \/>\n\t<meta name=\"twitter:data1\" content=\"3\u00a0Minuten\" \/>\n<script type=\"application\/ld+json\" class=\"yoast-schema-graph\">{\"@context\":\"https:\\\/\\\/schema.org\",\"@graph\":[{\"@type\":\"WebPage\",\"@id\":\"https:\\\/\\\/europly.nl\\\/de\\\/lieferanten-fuer-eiche\\\/\",\"url\":\"https:\\\/\\\/europly.nl\\\/de\\\/lieferanten-fuer-eiche\\\/\",\"name\":\"Lieferanten f\u00fcr Eiche - Europly\",\"isPartOf\":{\"@id\":\"https:\\\/\\\/europly.nl\\\/#website\"},\"primaryImageOfPage\":{\"@id\":\"https:\\\/\\\/europly.nl\\\/de\\\/lieferanten-fuer-eiche\\\/#primaryimage\"},\"image\":{\"@id\":\"https:\\\/\\\/europly.nl\\\/de\\\/lieferanten-fuer-eiche\\\/#primaryimage\"},\"thumbnailUrl\":\"http:\\\/\\\/europly.nl\\\/wp-content\\\/uploads\\\/bundels-eiken.jpg\",\"datePublished\":\"2016-01-19T12:36:30+00:00\",\"dateModified\":\"2018-08-14T08:14:30+00:00\",\"breadcrumb\":{\"@id\":\"https:\\\/\\\/europly.nl\\\/de\\\/lieferanten-fuer-eiche\\\/#breadcrumb\"},\"inLanguage\":\"de-DE\",\"potentialAction\":[{\"@type\":\"ReadAction\",\"target\":[\"https:\\\/\\\/europly.nl\\\/de\\\/lieferanten-fuer-eiche\\\/\"]}]},{\"@type\":\"ImageObject\",\"inLanguage\":\"de-DE\",\"@id\":\"https:\\\/\\\/europly.nl\\\/de\\\/lieferanten-fuer-eiche\\\/#primaryimage\",\"url\":\"http:\\\/\\\/europly.nl\\\/wp-content\\\/uploads\\\/bundels-eiken.jpg\",\"contentUrl\":\"http:\\\/\\\/europly.nl\\\/wp-content\\\/uploads\\\/bundels-eiken.jpg\"},{\"@type\":\"BreadcrumbList\",\"@id\":\"https:\\\/\\\/europly.nl\\\/de\\\/lieferanten-fuer-eiche\\\/#breadcrumb\",\"itemListElement\":[{\"@type\":\"ListItem\",\"position\":1,\"name\":\"Home\",\"item\":\"https:\\\/\\\/europly.nl\\\/de\\\/\"},{\"@type\":\"ListItem\",\"position\":2,\"name\":\"Lieferanten f\u00fcr Eiche\"}]},{\"@type\":\"WebSite\",\"@id\":\"https:\\\/\\\/europly.nl\\\/#website\",\"url\":\"https:\\\/\\\/europly.nl\\\/\",\"name\":\"Europly\",\"description\":\"Woodproducts\",\"publisher\":{\"@id\":\"https:\\\/\\\/europly.nl\\\/#organization\"},\"potentialAction\":[{\"@type\":\"SearchAction\",\"target\":{\"@type\":\"EntryPoint\",\"urlTemplate\":\"https:\\\/\\\/europly.nl\\\/?s={search_term_string}\"},\"query-input\":{\"@type\":\"PropertyValueSpecification\",\"valueRequired\":true,\"valueName\":\"search_term_string\"}}],\"inLanguage\":\"de-DE\"},{\"@type\":\"Organization\",\"@id\":\"https:\\\/\\\/europly.nl\\\/#organization\",\"name\":\"Europly Woodproducts\",\"url\":\"https:\\\/\\\/europly.nl\\\/\",\"logo\":{\"@type\":\"ImageObject\",\"inLanguage\":\"de-DE\",\"@id\":\"https:\\\/\\\/europly.nl\\\/#\\\/schema\\\/logo\\\/image\\\/\",\"url\":\"https:\\\/\\\/europly.nl\\\/wp-content\\\/uploads\\\/logo-standaard.jpg\",\"contentUrl\":\"https:\\\/\\\/europly.nl\\\/wp-content\\\/uploads\\\/logo-standaard.jpg\",\"width\":782,\"height\":289,\"caption\":\"Europly Woodproducts\"},\"image\":{\"@id\":\"https:\\\/\\\/europly.nl\\\/#\\\/schema\\\/logo\\\/image\\\/\"}}]}<\/script>\n<!-- \/ Yoast SEO plugin. -->","yoast_head_json":{"title":"Lieferanten f\u00fcr Eiche - Europly","robots":{"index":"index","follow":"follow","max-snippet":"max-snippet:-1","max-image-preview":"max-image-preview:large","max-video-preview":"max-video-preview:-1"},"canonical":"https:\/\/europly.nl\/de\/lieferanten-fuer-eiche\/","og_locale":"de_DE","og_type":"article","og_title":"Lieferanten f\u00fcr Eiche - Europly","og_description":"[vc_row el_class=&#8220;black-box&#8220;][vc_column offset=&#8220;vc_col-lg-offset-0 vc_col-lg-7 vc_col-md-8&#8243;][vc_custom_heading source=&#8220;post_title&#8220; font_container=&#8220;tag:h1|text_align:left&#8220; use_theme_fonts=&#8220;yes&#8220;][vc_column_text] Schon seit [&hellip;]","og_url":"https:\/\/europly.nl\/de\/lieferanten-fuer-eiche\/","og_site_name":"Europly","article_modified_time":"2018-08-14T08:14:30+00:00","og_image":[{"url":"http:\/\/europly.nl\/wp-content\/uploads\/bundels-eiken.jpg","type":"","width":"","height":""}],"twitter_misc":{"Gesch\u00e4tzte Lesezeit":"3\u00a0Minuten"},"schema":{"@context":"https:\/\/schema.org","@graph":[{"@type":"WebPage","@id":"https:\/\/europly.nl\/de\/lieferanten-fuer-eiche\/","url":"https:\/\/europly.nl\/de\/lieferanten-fuer-eiche\/","name":"Lieferanten f\u00fcr Eiche - Europly","isPartOf":{"@id":"https:\/\/europly.nl\/#website"},"primaryImageOfPage":{"@id":"https:\/\/europly.nl\/de\/lieferanten-fuer-eiche\/#primaryimage"},"image":{"@id":"https:\/\/europly.nl\/de\/lieferanten-fuer-eiche\/#primaryimage"},"thumbnailUrl":"http:\/\/europly.nl\/wp-content\/uploads\/bundels-eiken.jpg","datePublished":"2016-01-19T12:36:30+00:00","dateModified":"2018-08-14T08:14:30+00:00","breadcrumb":{"@id":"https:\/\/europly.nl\/de\/lieferanten-fuer-eiche\/#breadcrumb"},"inLanguage":"de-DE","potentialAction":[{"@type":"ReadAction","target":["https:\/\/europly.nl\/de\/lieferanten-fuer-eiche\/"]}]},{"@type":"ImageObject","inLanguage":"de-DE","@id":"https:\/\/europly.nl\/de\/lieferanten-fuer-eiche\/#primaryimage","url":"http:\/\/europly.nl\/wp-content\/uploads\/bundels-eiken.jpg","contentUrl":"http:\/\/europly.nl\/wp-content\/uploads\/bundels-eiken.jpg"},{"@type":"BreadcrumbList","@id":"https:\/\/europly.nl\/de\/lieferanten-fuer-eiche\/#breadcrumb","itemListElement":[{"@type":"ListItem","position":1,"name":"Home","item":"https:\/\/europly.nl\/de\/"},{"@type":"ListItem","position":2,"name":"Lieferanten f\u00fcr Eiche"}]},{"@type":"WebSite","@id":"https:\/\/europly.nl\/#website","url":"https:\/\/europly.nl\/","name":"Europly","description":"Woodproducts","publisher":{"@id":"https:\/\/europly.nl\/#organization"},"potentialAction":[{"@type":"SearchAction","target":{"@type":"EntryPoint","urlTemplate":"https:\/\/europly.nl\/?s={search_term_string}"},"query-input":{"@type":"PropertyValueSpecification","valueRequired":true,"valueName":"search_term_string"}}],"inLanguage":"de-DE"},{"@type":"Organization","@id":"https:\/\/europly.nl\/#organization","name":"Europly Woodproducts","url":"https:\/\/europly.nl\/","logo":{"@type":"ImageObject","inLanguage":"de-DE","@id":"https:\/\/europly.nl\/#\/schema\/logo\/image\/","url":"https:\/\/europly.nl\/wp-content\/uploads\/logo-standaard.jpg","contentUrl":"https:\/\/europly.nl\/wp-content\/uploads\/logo-standaard.jpg","width":782,"height":289,"caption":"Europly Woodproducts"},"image":{"@id":"https:\/\/europly.nl\/#\/schema\/logo\/image\/"}}]}},"_links":{"self":[{"href":"https:\/\/europly.nl\/de\/wp-json\/wp\/v2\/pages\/832","targetHints":{"allow":["GET"]}}],"collection":[{"href":"https:\/\/europly.nl\/de\/wp-json\/wp\/v2\/pages"}],"about":[{"href":"https:\/\/europly.nl\/de\/wp-json\/wp\/v2\/types\/page"}],"author":[{"embeddable":true,"href":"https:\/\/europly.nl\/de\/wp-json\/wp\/v2\/users\/3"}],"replies":[{"embeddable":true,"href":"https:\/\/europly.nl\/de\/wp-json\/wp\/v2\/comments?post=832"}],"version-history":[{"count":9,"href":"https:\/\/europly.nl\/de\/wp-json\/wp\/v2\/pages\/832\/revisions"}],"predecessor-version":[{"id":2189,"href":"https:\/\/europly.nl\/de\/wp-json\/wp\/v2\/pages\/832\/revisions\/2189"}],"wp:attachment":[{"href":"https:\/\/europly.nl\/de\/wp-json\/wp\/v2\/media?parent=832"}],"curies":[{"name":"wp","href":"https:\/\/api.w.org\/{rel}","templated":true}]}}