{"id":847,"date":"2016-02-12T16:16:12","date_gmt":"2016-02-12T15:16:12","guid":{"rendered":"http:\/\/europly.nl\/?page_id=847"},"modified":"2018-09-27T14:01:34","modified_gmt":"2018-09-27T13:01:34","slug":"home","status":"publish","type":"page","link":"https:\/\/europly.nl\/de\/","title":{"rendered":"Home"},"content":{"rendered":"<p>[vc_row full_width=&#8220;stretch_row&#8220; gap=&#8220;20&#8243; css=&#8220;.vc_custom_1531141828596{margin-top: -60px !important;background-color: #fcfcfc !important;}&#8220; el_class=&#8220;black-box&#8220;][vc_column css_animation=&#8220;fadeInUp&#8220; css=&#8220;.vc_custom_1531140451927{background-image: url(https:\/\/europly.nl\/wp-content\/uploads\/shutterstock_738246535.jpg?id=1742) !important;background-position: center !important;background-repeat: no-repeat !important;background-size: cover !important;}&#8220; el_class=&#8220;.animate-1&#8243; offset=&#8220;vc_col-lg-4 vc_col-md-4&#8243;][vc_empty_space height=&#8220;15vh&#8220;][vc_row_inner][vc_column_inner][vc_custom_heading text=&#8220;MASSIVHOLZ PLATTEN&#8220; font_container=&#8220;tag:h2|text_align:center&#8220; use_theme_fonts=&#8220;yes&#8220; el_class=&#8220;header-blocks&#8220;][vc_custom_heading text=&#8220;Eichenplatten aus eigener Produktion&#8220; font_container=&#8220;tag:p|text_align:center&#8220; use_theme_fonts=&#8220;yes&#8220;][vc_btn title=&#8220;MEHR INFO&#8220; style=&#8220;outline&#8220; shape=&#8220;square&#8220; color=&#8220;danger&#8220; css_animation=&#8220;none&#8220; link=&#8220;url:https%3A%2F%2Feuroply.nl%2Fde%2Fmassivholz-platten%2F|||&#8220;][vc_btn title=&#8220;ANFRAGE&#8220; style=&#8220;outline&#8220; shape=&#8220;square&#8220; color=&#8220;danger&#8220; css_animation=&#8220;none&#8220; link=&#8220;url:https%3A%2F%2Feuroply.nl%2Fde%2Fangebot-uebersicht%2F|||&#8220;][\/vc_column_inner][\/vc_row_inner][vc_empty_space height=&#8220;2vh&#8220;][\/vc_column][vc_column css_animation=&#8220;fadeInUp&#8220; css=&#8220;.vc_custom_1531140465506{background-image: url(https:\/\/europly.nl\/wp-content\/uploads\/eikenhout.jpg?id=1774) !important;background-position: center !important;background-repeat: no-repeat !important;background-size: cover !important;}&#8220; el_class=&#8220;.animate-3&#8243; offset=&#8220;vc_col-lg-4 vc_col-md-4&#8243;][vc_empty_space height=&#8220;15vh&#8220;][vc_row_inner][vc_column_inner][vc_custom_heading text=&#8220;GED\u00c4MPFTE EICHE&#8220; font_container=&#8220;tag:h2|text_align:center&#8220; use_theme_fonts=&#8220;yes&#8220; el_class=&#8220;header-blocks&#8220;][vc_custom_heading text=&#8220;Eigene Eiche Trockenware&#8220; font_container=&#8220;tag:p|text_align:center&#8220; use_theme_fonts=&#8220;yes&#8220;][vc_btn title=&#8220;MEHR INFO&#8220; style=&#8220;outline&#8220; shape=&#8220;square&#8220; color=&#8220;danger&#8220; css_animation=&#8220;none&#8220; link=&#8220;url:https%3A%2F%2Feuroply.nl%2Fde%2Flieferanten-fuer-eiche%2Fgedaempfte-eiche%2F|title:Gedroogd%20eiken||&#8220;][vc_btn title=&#8220;ANFRAGE&#8220; style=&#8220;outline&#8220; shape=&#8220;square&#8220; color=&#8220;danger&#8220; css_animation=&#8220;none&#8220; link=&#8220;url:https%3A%2F%2Feuroply.nl%2Fde%2Fangebot-uebersicht%2F|||&#8220;][\/vc_column_inner][\/vc_row_inner][vc_empty_space height=&#8220;2vh&#8220;][\/vc_column][vc_column css_animation=&#8220;fadeInUp&#8220; css=&#8220;.vc_custom_1531140483621{background-image: url(https:\/\/europly.nl\/wp-content\/uploads\/shutterstock_702009985.jpg?id=1744) !important;background-position: center !important;background-repeat: no-repeat !important;background-size: cover !important;}&#8220; el_class=&#8220;.animate-2&#8243; offset=&#8220;vc_col-lg-4 vc_col-md-4&#8243;][vc_empty_space height=&#8220;15vh&#8220;][vc_row_inner][vc_column_inner][vc_custom_heading text=&#8220;HOLZBEARBEITUNG&#8220; font_container=&#8220;tag:h2|text_align:center&#8220; use_theme_fonts=&#8220;yes&#8220; el_class=&#8220;header-blocks&#8220;][vc_custom_heading text=&#8220;Was k\u00f6nnen wir f\u00fcr Sie tun?&#8220; font_container=&#8220;tag:p|text_align:center&#8220; use_theme_fonts=&#8220;yes&#8220;][vc_btn title=&#8220;MEHR INFO&#8220; style=&#8220;outline&#8220; shape=&#8220;square&#8220; color=&#8220;danger&#8220; css_animation=&#8220;none&#8220; link=&#8220;url:https%3A%2F%2Feuroply.nl%2Fde%2Fholzbearbeitung%2F|title:Houtbewerking||&#8220;][vc_btn title=&#8220;ANFRAGE&#8220; style=&#8220;outline&#8220; shape=&#8220;square&#8220; color=&#8220;danger&#8220; css_animation=&#8220;none&#8220; link=&#8220;url:https%3A%2F%2Feuroply.nl%2Fde%2Fangebot-uebersicht%2F|||&#8220;][\/vc_column_inner][\/vc_row_inner][vc_empty_space height=&#8220;2vh&#8220;][\/vc_column][\/vc_row][vc_row full_width=&#8220;stretch_row_content&#8220; parallax=&#8220;content-moving&#8220; parallax_image=&#8220;1328&#8243; css=&#8220;.vc_custom_1530516310550{padding-top: 60px !important;padding-bottom: 60px !important;}&#8220; el_class=&#8220;green-box wood-box-wrapper wit&#8220;][vc_column width=&#8220;2\/3&#8243; offset=&#8220;vc_col-lg-offset-3 vc_col-lg-6 vc_col-md-offset-2 vc_col-md-8 vc_col-sm-offset-2&#8243; css=&#8220;.vc_custom_1531221753406{padding-top: 20px !important;border-radius: 5px !important;}&#8220; el_class=&#8220;wood-box&#8220;][vc_custom_heading text=&#8220;Lagerware \/ Anfrage&#8220; font_container=&#8220;tag:h3|text_align:center&#8220; use_theme_fonts=&#8220;yes&#8220; css_animation=&#8220;none&#8220;][vc_empty_space height=&#8220;15px&#8220;][vc_btn title=&#8220;Plattenprogramm&#8220; style=&#8220;outline&#8220; shape=&#8220;square&#8220; color=&#8220;juicy-pink&#8220; css_animation=&#8220;none&#8220; link=&#8220;url:https%3A%2F%2Feuroply.nl%2Fde%2Fplattensorte%2F|||&#8220; el_class=&#8220;animate-1&#8243;][vc_btn title=&#8220;Holzart&#8220; style=&#8220;outline&#8220; shape=&#8220;square&#8220; color=&#8220;juicy-pink&#8220; css_animation=&#8220;none&#8220; link=&#8220;url:https%3A%2F%2Feuroply.nl%2Fde%2Fholzart%2F|||&#8220; el_class=&#8220;animate-2&#8243;][\/vc_column][\/vc_row][vc_row full_width=&#8220;stretch_row&#8220; content_placement=&#8220;middle&#8220; el_class=&#8220;text-block-home&#8220;][vc_column offset=&#8220;vc_col-lg-offset-2 vc_col-lg-8 vc_col-md-offset-1 vc_col-md-10&#8243;][vc_custom_heading text=&#8220;EuroPly Woodproducts&#8220; font_container=&#8220;tag:h1|text_align:center&#8220; use_theme_fonts=&#8220;yes&#8220; el_class=&#8220;big-h1-header&#8220;][vc_separator color=&#8220;black&#8220; border_width=&#8220;2&#8243; el_width=&#8220;50&#8243; css=&#8220;.vc_custom_1530284659398{padding-bottom: 20px !important;}&#8220;][vc_row_inner][vc_column_inner offset=&#8220;vc_col-md-4&#8243;][vc_custom_heading text=&#8220;inkoop, productie, opslag &amp; levering&#8220; font_container=&#8220;tag:h2|font_size:1.6em|text_align:left|color:%23d22a24&#8243; use_theme_fonts=&#8220;yes&#8220; el_class=&#8220;header-blocks&#8220;][vc_column_text el_class=&#8220;big&#8220;]Europly Woodproducts ist ein zuverl\u00e4ssiger Lieferant von verschiedenen Qualit\u00e4ten und Abmessungen getrocknete europ\u00e4ischer Eiche und unsere eigene Marke Teewood. Dar\u00fcber hinaus liefern und fertigen wir eine umfassende Palette von Massivholzplatten. Auch f\u00fcr verschiedene Holzbearbeitungen und Lieferung von Holz mit Markierung gem\u00e4\u00df ISPM-15 und FSC, sind Sie bei uns an der richtigen Adresse.[\/vc_column_text][\/vc_column_inner][vc_column_inner offset=&#8220;vc_col-md-4&#8243;][vc_custom_heading text=&#8220;Specialistische houtbewerking&#8220; font_container=&#8220;tag:h2|font_size:1.6em|text_align:left|color:%23d22a24&#8243; use_theme_fonts=&#8220;yes&#8220; el_class=&#8220;header-blocks&#8220;][vc_column_text el_class=&#8220;big&#8220;]Europly Woodproducts ist ein zuverl\u00e4ssiger Lieferant von verschiedenen Qualit\u00e4ten und Abmessungen getrocknete europ\u00e4ischer Eiche und unsere eigene Marke Teewood. Dar\u00fcber hinaus liefern und fertigen wir eine umfassende Palette von Massivholzplatten. Auch f\u00fcr verschiedene Holzbearbeitungen und Lieferung von Holz mit Markierung gem\u00e4\u00df ISPM-15 und FSC, sind Sie bei uns an der richtigen Adresse.[\/vc_column_text][\/vc_column_inner][vc_column_inner offset=&#8220;vc_col-md-4&#8243;][vc_custom_heading text=&#8220;Grootste drogerij van Nederland&#8220; font_container=&#8220;tag:h2|font_size:1.6em|text_align:left|color:%23d22a24&#8243; use_theme_fonts=&#8220;yes&#8220; el_class=&#8220;header-blocks&#8220;][vc_column_text el_class=&#8220;big&#8220;]Europly Woodproducts ist ein zuverl\u00e4ssiger Lieferant von verschiedenen Qualit\u00e4ten und Abmessungen getrocknete europ\u00e4ischer Eiche und unsere eigene Marke Teewood. Dar\u00fcber hinaus liefern und fertigen wir eine umfassende Palette von Massivholzplatten. Auch f\u00fcr verschiedene Holzbearbeitungen und Lieferung von Holz mit Markierung gem\u00e4\u00df ISPM-15 und FSC, sind Sie bei uns an der richtigen Adresse.[\/vc_column_text][\/vc_column_inner][\/vc_row_inner][\/vc_column][\/vc_row][vc_row full_width=&#8220;stretch_row_content&#8220; equal_height=&#8220;yes&#8220; content_placement=&#8220;middle&#8220; css=&#8220;.vc_custom_1530100153060{background-color: #bd2e29 !important;}&#8220; el_class=&#8220;wit&#8220;][vc_column width=&#8220;1\/2&#8243; css=&#8220;.vc_custom_1531146768962{padding-top: 60px !important;padding-right: 40px !important;padding-bottom: 25px !important;padding-left: 70px !important;background-color: #bd2e29 !important;}&#8220; el_class=&#8220;wit-usp&#8220; offset=&#8220;vc_col-lg-offset-0 vc_col-xs-12&#8243;][vc_cta h2=&#8220;S\u00e4gen? Hobeln? Profilieren? K\u00fcrzen? Einkerben? Verleimen?&#8220; h4=&#8220;Kein Problem!&#8220;]Mehr wissen? <a href=\"tel:+31315-695151\">+31 (315) 695 151<\/a>[\/vc_cta][\/vc_column][vc_column parallax=&#8220;content-moving&#8220; parallax_image=&#8220;1784&#8243; width=&#8220;1\/2&#8243; css=&#8220;.vc_custom_1531145932613{padding-top: 40px !important;padding-bottom: 40px !important;background-position: center !important;background-repeat: no-repeat !important;background-size: cover !important;}&#8220; offset=&#8220;vc_col-xs-12&#8243;][\/vc_column][\/vc_row]<\/p>\n","protected":false},"excerpt":{"rendered":"<p>[vc_row full_width=&#8220;stretch_row&#8220; gap=&#8220;20&#8243; css=&#8220;.vc_custom_1531141828596{margin-top: -60px !important;background-color: #fcfcfc !important;}&#8220; el_class=&#8220;black-box&#8220;][vc_column css_animation=&#8220;fadeInUp&#8220; [&hellip;]<\/p>\n","protected":false},"author":3,"featured_media":0,"parent":0,"menu_order":82,"comment_status":"open","ping_status":"closed","template":"","meta":{"_acf_changed":false,"footnotes":""},"class_list":["post-847","page","type-page","status-publish","hentry"],"acf":[],"yoast_head":"<!-- This site is optimized with the Yoast SEO plugin v27.4 - https:\/\/yoast.com\/product\/yoast-seo-wordpress\/ -->\n<title>Home - Europly<\/title>\n<meta name=\"robots\" content=\"index, follow, max-snippet:-1, max-image-preview:large, max-video-preview:-1\" \/>\n<link rel=\"canonical\" href=\"https:\/\/europly.nl\/de\/\" \/>\n<meta property=\"og:locale\" content=\"de_DE\" \/>\n<meta property=\"og:type\" content=\"article\" \/>\n<meta property=\"og:title\" content=\"Home - Europly\" \/>\n<meta property=\"og:description\" content=\"[vc_row full_width=&#8220;stretch_row&#8220; gap=&#8220;20&#8243; css=&#8220;.vc_custom_1531141828596{margin-top: -60px !important;background-color: #fcfcfc !important;}&#8220; el_class=&#8220;black-box&#8220;][vc_column css_animation=&#8220;fadeInUp&#8220; [&hellip;]\" \/>\n<meta property=\"og:url\" content=\"https:\/\/europly.nl\/de\/\" \/>\n<meta property=\"og:site_name\" content=\"Europly\" \/>\n<meta property=\"article:modified_time\" content=\"2018-09-27T13:01:34+00:00\" \/>\n<meta name=\"twitter:label1\" content=\"Gesch\u00e4tzte Lesezeit\" \/>\n\t<meta name=\"twitter:data1\" content=\"5\u00a0Minuten\" \/>\n<script type=\"application\/ld+json\" class=\"yoast-schema-graph\">{\"@context\":\"https:\\\/\\\/schema.org\",\"@graph\":[{\"@type\":\"WebPage\",\"@id\":\"https:\\\/\\\/europly.nl\\\/de\\\/\",\"url\":\"https:\\\/\\\/europly.nl\\\/de\\\/\",\"name\":\"Home - Europly\",\"isPartOf\":{\"@id\":\"https:\\\/\\\/europly.nl\\\/#website\"},\"datePublished\":\"2016-02-12T15:16:12+00:00\",\"dateModified\":\"2018-09-27T13:01:34+00:00\",\"breadcrumb\":{\"@id\":\"https:\\\/\\\/europly.nl\\\/de\\\/#breadcrumb\"},\"inLanguage\":\"de-DE\",\"potentialAction\":[{\"@type\":\"ReadAction\",\"target\":[\"https:\\\/\\\/europly.nl\\\/de\\\/\"]}]},{\"@type\":\"BreadcrumbList\",\"@id\":\"https:\\\/\\\/europly.nl\\\/de\\\/#breadcrumb\",\"itemListElement\":[{\"@type\":\"ListItem\",\"position\":1,\"name\":\"Home\",\"item\":\"https:\\\/\\\/europly.nl\\\/de\\\/\"},{\"@type\":\"ListItem\",\"position\":2,\"name\":\"Home\"}]},{\"@type\":\"WebSite\",\"@id\":\"https:\\\/\\\/europly.nl\\\/#website\",\"url\":\"https:\\\/\\\/europly.nl\\\/\",\"name\":\"Europly\",\"description\":\"Woodproducts\",\"publisher\":{\"@id\":\"https:\\\/\\\/europly.nl\\\/#organization\"},\"potentialAction\":[{\"@type\":\"SearchAction\",\"target\":{\"@type\":\"EntryPoint\",\"urlTemplate\":\"https:\\\/\\\/europly.nl\\\/?s={search_term_string}\"},\"query-input\":{\"@type\":\"PropertyValueSpecification\",\"valueRequired\":true,\"valueName\":\"search_term_string\"}}],\"inLanguage\":\"de-DE\"},{\"@type\":\"Organization\",\"@id\":\"https:\\\/\\\/europly.nl\\\/#organization\",\"name\":\"Europly Woodproducts\",\"url\":\"https:\\\/\\\/europly.nl\\\/\",\"logo\":{\"@type\":\"ImageObject\",\"inLanguage\":\"de-DE\",\"@id\":\"https:\\\/\\\/europly.nl\\\/#\\\/schema\\\/logo\\\/image\\\/\",\"url\":\"https:\\\/\\\/europly.nl\\\/wp-content\\\/uploads\\\/logo-standaard.jpg\",\"contentUrl\":\"https:\\\/\\\/europly.nl\\\/wp-content\\\/uploads\\\/logo-standaard.jpg\",\"width\":782,\"height\":289,\"caption\":\"Europly Woodproducts\"},\"image\":{\"@id\":\"https:\\\/\\\/europly.nl\\\/#\\\/schema\\\/logo\\\/image\\\/\"}}]}<\/script>\n<!-- \/ Yoast SEO plugin. -->","yoast_head_json":{"title":"Home - Europly","robots":{"index":"index","follow":"follow","max-snippet":"max-snippet:-1","max-image-preview":"max-image-preview:large","max-video-preview":"max-video-preview:-1"},"canonical":"https:\/\/europly.nl\/de\/","og_locale":"de_DE","og_type":"article","og_title":"Home - Europly","og_description":"[vc_row full_width=&#8220;stretch_row&#8220; gap=&#8220;20&#8243; css=&#8220;.vc_custom_1531141828596{margin-top: -60px !important;background-color: #fcfcfc !important;}&#8220; el_class=&#8220;black-box&#8220;][vc_column css_animation=&#8220;fadeInUp&#8220; [&hellip;]","og_url":"https:\/\/europly.nl\/de\/","og_site_name":"Europly","article_modified_time":"2018-09-27T13:01:34+00:00","twitter_misc":{"Gesch\u00e4tzte Lesezeit":"5\u00a0Minuten"},"schema":{"@context":"https:\/\/schema.org","@graph":[{"@type":"WebPage","@id":"https:\/\/europly.nl\/de\/","url":"https:\/\/europly.nl\/de\/","name":"Home - Europly","isPartOf":{"@id":"https:\/\/europly.nl\/#website"},"datePublished":"2016-02-12T15:16:12+00:00","dateModified":"2018-09-27T13:01:34+00:00","breadcrumb":{"@id":"https:\/\/europly.nl\/de\/#breadcrumb"},"inLanguage":"de-DE","potentialAction":[{"@type":"ReadAction","target":["https:\/\/europly.nl\/de\/"]}]},{"@type":"BreadcrumbList","@id":"https:\/\/europly.nl\/de\/#breadcrumb","itemListElement":[{"@type":"ListItem","position":1,"name":"Home","item":"https:\/\/europly.nl\/de\/"},{"@type":"ListItem","position":2,"name":"Home"}]},{"@type":"WebSite","@id":"https:\/\/europly.nl\/#website","url":"https:\/\/europly.nl\/","name":"Europly","description":"Woodproducts","publisher":{"@id":"https:\/\/europly.nl\/#organization"},"potentialAction":[{"@type":"SearchAction","target":{"@type":"EntryPoint","urlTemplate":"https:\/\/europly.nl\/?s={search_term_string}"},"query-input":{"@type":"PropertyValueSpecification","valueRequired":true,"valueName":"search_term_string"}}],"inLanguage":"de-DE"},{"@type":"Organization","@id":"https:\/\/europly.nl\/#organization","name":"Europly Woodproducts","url":"https:\/\/europly.nl\/","logo":{"@type":"ImageObject","inLanguage":"de-DE","@id":"https:\/\/europly.nl\/#\/schema\/logo\/image\/","url":"https:\/\/europly.nl\/wp-content\/uploads\/logo-standaard.jpg","contentUrl":"https:\/\/europly.nl\/wp-content\/uploads\/logo-standaard.jpg","width":782,"height":289,"caption":"Europly Woodproducts"},"image":{"@id":"https:\/\/europly.nl\/#\/schema\/logo\/image\/"}}]}},"_links":{"self":[{"href":"https:\/\/europly.nl\/de\/wp-json\/wp\/v2\/pages\/847","targetHints":{"allow":["GET"]}}],"collection":[{"href":"https:\/\/europly.nl\/de\/wp-json\/wp\/v2\/pages"}],"about":[{"href":"https:\/\/europly.nl\/de\/wp-json\/wp\/v2\/types\/page"}],"author":[{"embeddable":true,"href":"https:\/\/europly.nl\/de\/wp-json\/wp\/v2\/users\/3"}],"replies":[{"embeddable":true,"href":"https:\/\/europly.nl\/de\/wp-json\/wp\/v2\/comments?post=847"}],"version-history":[{"count":19,"href":"https:\/\/europly.nl\/de\/wp-json\/wp\/v2\/pages\/847\/revisions"}],"predecessor-version":[{"id":2419,"href":"https:\/\/europly.nl\/de\/wp-json\/wp\/v2\/pages\/847\/revisions\/2419"}],"wp:attachment":[{"href":"https:\/\/europly.nl\/de\/wp-json\/wp\/v2\/media?parent=847"}],"curies":[{"name":"wp","href":"https:\/\/api.w.org\/{rel}","templated":true}]}}