{"id":858,"date":"2014-09-16T12:13:53","date_gmt":"2014-09-16T11:13:53","guid":{"rendered":"http:\/\/europly.nl\/?page_id=858"},"modified":"2018-08-14T10:11:40","modified_gmt":"2018-08-14T09:11:40","slug":"f-a-q","status":"publish","type":"page","link":"https:\/\/europly.nl\/de\/f-a-q\/","title":{"rendered":"F.A.Q."},"content":{"rendered":"<p>[vc_row el_class=&#8220;black-box&#8220;][vc_column offset=&#8220;vc_col-lg-offset-0 vc_col-lg-7 vc_col-md-8&#8243;][vc_custom_heading source=&#8220;post_title&#8220; font_container=&#8220;tag:h1|text_align:left&#8220; use_theme_fonts=&#8220;yes&#8220;][vc_tta_accordion][vc_tta_section title=&#8220;Was ist der Unterschied zwischen Teewood und Karakter?&#8220; tab_id=&#8220;1530619651540-7b6d88d9-d4e9&#8243;][vc_column_text]Beide sind ged\u00e4mpfte Eiche, aber Karakter enth\u00e4lt auch noch Trockenrisse.[\/vc_column_text][\/vc_tta_section][vc_tta_section title=&#8220;Ist die Verleimung der Platten geeignet f\u00fcrs Au\u00dfenbereich?&#8220; tab_id=&#8220;1530619651589-8b94f15b-0563&#8243;][vc_column_text]Alle verleimte Produkte sind ausschlie\u00dflich f\u00fcr dem Innenbereich geeignet.[\/vc_column_text][\/vc_tta_section][vc_tta_section title=&#8220;Kann ich rohe Eiche pro Brett bestellen?&#8220; tab_id=&#8220;1530619718757-303ed98d-3d25&#8243;][vc_column_text]Rohe Eiche und Teewood werden nur pro Paket geliefert.[\/vc_column_text][\/vc_tta_section][vc_tta_section title=&#8220;Kann ich mein eigenes Holz anliefern zur Bearbeitung?&#8220; tab_id=&#8220;1530619741501-8237885a-9b69&#8243;][vc_column_text]Sicher, wir bearbeiten Ihr Holz gerne in Lohnarbeit.[\/vc_column_text][\/vc_tta_section][vc_tta_section title=&#8220;Liefert Europly auch Produkte mit FSC-Markierung?&#8220; tab_id=&#8220;1530619780761-1f3fcacb-8ed5&#8243;][vc_column_text]<\/p>\n<div id=\"panel6\" class=\"content active\">Ein Teil unsere Leimholzplatten ist FSC-zertifiziert.<\/div>\n<p>[\/vc_column_text][\/vc_tta_section][vc_tta_section title=&#8220;Ist das Fichtenholz f\u00fcr die Verpackungsindustrie gem\u00e4\u00df ISPM-15?&#8220; tab_id=&#8220;1530619816110-b29c23e3-4e59&#8243;][vc_column_text]Ja, Europly ist ISPM-15 zertifiziert und genau so ist unser Schwesterunternehmen Drooghout Gendringen. Falls gew\u00fcnscht kan Drooghout Gendringen auch Ihr eigenes Holz ISPM-15 fur Sie behandeln.[\/vc_column_text][\/vc_tta_section][\/vc_tta_accordion][\/vc_column][vc_column css_animation=&#8220;none&#8220; width=&#8220;2\/3&#8243; offset=&#8220;vc_col-lg-offset-1 vc_col-md-4 vc_col-xs-12&#8243; css=&#8220;.vc_custom_1534237880377{margin-bottom: 30px !important;background-image: url(https:\/\/europly.nl\/wp-content\/uploads\/header-afbeelding.jpg?id=1328) !important;background-position: center !important;background-repeat: no-repeat !important;background-size: cover !important;}&#8220; el_class=&#8220;sidebar-box&#8220;][vc_empty_space height=&#8220;5vh&#8220;][vc_row_inner el_class=&#8220;wood-box&#8220;][vc_column_inner][vc_custom_heading text=&#8220;LAGERWARE \/ ANFRAGE&#8220; font_container=&#8220;tag:p|font_size:1.6em|text_align:center|color:%23ffffff&#8220; use_theme_fonts=&#8220;yes&#8220;][vc_btn title=&#8220;PLATTENPROGRAMM&#8220; style=&#8220;outline&#8220; shape=&#8220;square&#8220; color=&#8220;danger&#8220; link=&#8220;url:https%3A%2F%2Feuroply.nl%2Fde%2Fplattensorte%2F|||&#8220;][vc_btn title=&#8220;HOLZART&#8220; style=&#8220;outline&#8220; shape=&#8220;square&#8220; color=&#8220;danger&#8220; link=&#8220;url:https%3A%2F%2Feuroply.nl%2Fde%2Fholzart%2F|||&#8220;][\/vc_column_inner][\/vc_row_inner][vc_empty_space height=&#8220;5vh&#8220;][\/vc_column][vc_column width=&#8220;1\/3&#8243; offset=&#8220;vc_col-lg-offset-1 vc_col-xs-12&#8243;][vc_widget_sidebar sidebar_id=&#8220;sidebar&#8220;][\/vc_column][\/vc_row][vc_row full_width=&#8220;stretch_row_content&#8220; equal_height=&#8220;yes&#8220; content_placement=&#8220;middle&#8220; css=&#8220;.vc_custom_1530619041528{margin-top: 25px !important;background-color: #bd2e29 !important;}&#8220; el_class=&#8220;wit&#8220;][vc_column width=&#8220;1\/2&#8243; css=&#8220;.vc_custom_1530100857115{padding-top: 60px !important;padding-right: 40px !important;padding-bottom: 25px !important;padding-left: 70px !important;background-color: #bd2e29 !important;}&#8220; el_class=&#8220;wit usp&#8220; offset=&#8220;vc_col-lg-offset-0&#8243;][vc_cta h2=&#8220;S\u00e4gen? Hobeln? Profilieren? K\u00fcrzen? Einkerben? Verleimen?&#8220; h4=&#8220;Kein problem!&#8220;]Mehr wissen? <a href=\"tel:+31315-695151\">+31 (315) 695 151<\/a>[\/vc_cta][\/vc_column][vc_column parallax=&#8220;content-moving&#8220; parallax_image=&#8220;1784&#8243; width=&#8220;1\/2&#8243; css=&#8220;.vc_custom_1530110638851{padding-top: 40px !important;padding-bottom: 40px !important;background-position: center !important;background-repeat: no-repeat !important;background-size: cover !important;}&#8220;][\/vc_column][\/vc_row]<\/p>\n","protected":false},"excerpt":{"rendered":"<p>[vc_row el_class=&#8220;black-box&#8220;][vc_column offset=&#8220;vc_col-lg-offset-0 vc_col-lg-7 vc_col-md-8&#8243;][vc_custom_heading source=&#8220;post_title&#8220; font_container=&#8220;tag:h1|text_align:left&#8220; use_theme_fonts=&#8220;yes&#8220;][vc_tta_accordion][vc_tta_section title=&#8220;Was ist [&hellip;]<\/p>\n","protected":false},"author":7,"featured_media":0,"parent":0,"menu_order":24,"comment_status":"open","ping_status":"open","template":"","meta":{"_acf_changed":false,"footnotes":""},"class_list":["post-858","page","type-page","status-publish","hentry"],"acf":[],"yoast_head":"<!-- This site is optimized with the Yoast SEO plugin v27.5 - https:\/\/yoast.com\/product\/yoast-seo-wordpress\/ -->\n<title>F.A.Q. - Europly<\/title>\n<meta name=\"robots\" content=\"index, follow, max-snippet:-1, max-image-preview:large, max-video-preview:-1\" \/>\n<link rel=\"canonical\" href=\"https:\/\/europly.nl\/de\/f-a-q\/\" \/>\n<meta property=\"og:locale\" content=\"de_DE\" \/>\n<meta property=\"og:type\" content=\"article\" \/>\n<meta property=\"og:title\" content=\"F.A.Q. - Europly\" \/>\n<meta property=\"og:description\" content=\"[vc_row el_class=&#8220;black-box&#8220;][vc_column offset=&#8220;vc_col-lg-offset-0 vc_col-lg-7 vc_col-md-8&#8243;][vc_custom_heading source=&#8220;post_title&#8220; font_container=&#8220;tag:h1|text_align:left&#8220; use_theme_fonts=&#8220;yes&#8220;][vc_tta_accordion][vc_tta_section title=&#8220;Was ist [&hellip;]\" \/>\n<meta property=\"og:url\" content=\"https:\/\/europly.nl\/de\/f-a-q\/\" \/>\n<meta property=\"og:site_name\" content=\"Europly\" \/>\n<meta property=\"article:modified_time\" content=\"2018-08-14T09:11:40+00:00\" \/>\n<meta name=\"twitter:label1\" content=\"Gesch\u00e4tzte Lesezeit\" \/>\n\t<meta name=\"twitter:data1\" content=\"3\u00a0Minuten\" \/>\n<script type=\"application\/ld+json\" class=\"yoast-schema-graph\">{\"@context\":\"https:\\\/\\\/schema.org\",\"@graph\":[{\"@type\":\"WebPage\",\"@id\":\"https:\\\/\\\/europly.nl\\\/de\\\/f-a-q\\\/\",\"url\":\"https:\\\/\\\/europly.nl\\\/de\\\/f-a-q\\\/\",\"name\":\"F.A.Q. - Europly\",\"isPartOf\":{\"@id\":\"https:\\\/\\\/europly.nl\\\/#website\"},\"datePublished\":\"2014-09-16T11:13:53+00:00\",\"dateModified\":\"2018-08-14T09:11:40+00:00\",\"breadcrumb\":{\"@id\":\"https:\\\/\\\/europly.nl\\\/de\\\/f-a-q\\\/#breadcrumb\"},\"inLanguage\":\"de-DE\",\"potentialAction\":[{\"@type\":\"ReadAction\",\"target\":[\"https:\\\/\\\/europly.nl\\\/de\\\/f-a-q\\\/\"]}]},{\"@type\":\"BreadcrumbList\",\"@id\":\"https:\\\/\\\/europly.nl\\\/de\\\/f-a-q\\\/#breadcrumb\",\"itemListElement\":[{\"@type\":\"ListItem\",\"position\":1,\"name\":\"Home\",\"item\":\"https:\\\/\\\/europly.nl\\\/de\\\/\"},{\"@type\":\"ListItem\",\"position\":2,\"name\":\"F.A.Q.\"}]},{\"@type\":\"WebSite\",\"@id\":\"https:\\\/\\\/europly.nl\\\/#website\",\"url\":\"https:\\\/\\\/europly.nl\\\/\",\"name\":\"Europly\",\"description\":\"Woodproducts\",\"publisher\":{\"@id\":\"https:\\\/\\\/europly.nl\\\/#organization\"},\"potentialAction\":[{\"@type\":\"SearchAction\",\"target\":{\"@type\":\"EntryPoint\",\"urlTemplate\":\"https:\\\/\\\/europly.nl\\\/?s={search_term_string}\"},\"query-input\":{\"@type\":\"PropertyValueSpecification\",\"valueRequired\":true,\"valueName\":\"search_term_string\"}}],\"inLanguage\":\"de-DE\"},{\"@type\":\"Organization\",\"@id\":\"https:\\\/\\\/europly.nl\\\/#organization\",\"name\":\"Europly Woodproducts\",\"url\":\"https:\\\/\\\/europly.nl\\\/\",\"logo\":{\"@type\":\"ImageObject\",\"inLanguage\":\"de-DE\",\"@id\":\"https:\\\/\\\/europly.nl\\\/#\\\/schema\\\/logo\\\/image\\\/\",\"url\":\"https:\\\/\\\/europly.nl\\\/wp-content\\\/uploads\\\/logo-standaard.jpg\",\"contentUrl\":\"https:\\\/\\\/europly.nl\\\/wp-content\\\/uploads\\\/logo-standaard.jpg\",\"width\":782,\"height\":289,\"caption\":\"Europly Woodproducts\"},\"image\":{\"@id\":\"https:\\\/\\\/europly.nl\\\/#\\\/schema\\\/logo\\\/image\\\/\"}}]}<\/script>\n<!-- \/ Yoast SEO plugin. -->","yoast_head_json":{"title":"F.A.Q. - Europly","robots":{"index":"index","follow":"follow","max-snippet":"max-snippet:-1","max-image-preview":"max-image-preview:large","max-video-preview":"max-video-preview:-1"},"canonical":"https:\/\/europly.nl\/de\/f-a-q\/","og_locale":"de_DE","og_type":"article","og_title":"F.A.Q. - Europly","og_description":"[vc_row el_class=&#8220;black-box&#8220;][vc_column offset=&#8220;vc_col-lg-offset-0 vc_col-lg-7 vc_col-md-8&#8243;][vc_custom_heading source=&#8220;post_title&#8220; font_container=&#8220;tag:h1|text_align:left&#8220; use_theme_fonts=&#8220;yes&#8220;][vc_tta_accordion][vc_tta_section title=&#8220;Was ist [&hellip;]","og_url":"https:\/\/europly.nl\/de\/f-a-q\/","og_site_name":"Europly","article_modified_time":"2018-08-14T09:11:40+00:00","twitter_misc":{"Gesch\u00e4tzte Lesezeit":"3\u00a0Minuten"},"schema":{"@context":"https:\/\/schema.org","@graph":[{"@type":"WebPage","@id":"https:\/\/europly.nl\/de\/f-a-q\/","url":"https:\/\/europly.nl\/de\/f-a-q\/","name":"F.A.Q. - Europly","isPartOf":{"@id":"https:\/\/europly.nl\/#website"},"datePublished":"2014-09-16T11:13:53+00:00","dateModified":"2018-08-14T09:11:40+00:00","breadcrumb":{"@id":"https:\/\/europly.nl\/de\/f-a-q\/#breadcrumb"},"inLanguage":"de-DE","potentialAction":[{"@type":"ReadAction","target":["https:\/\/europly.nl\/de\/f-a-q\/"]}]},{"@type":"BreadcrumbList","@id":"https:\/\/europly.nl\/de\/f-a-q\/#breadcrumb","itemListElement":[{"@type":"ListItem","position":1,"name":"Home","item":"https:\/\/europly.nl\/de\/"},{"@type":"ListItem","position":2,"name":"F.A.Q."}]},{"@type":"WebSite","@id":"https:\/\/europly.nl\/#website","url":"https:\/\/europly.nl\/","name":"Europly","description":"Woodproducts","publisher":{"@id":"https:\/\/europly.nl\/#organization"},"potentialAction":[{"@type":"SearchAction","target":{"@type":"EntryPoint","urlTemplate":"https:\/\/europly.nl\/?s={search_term_string}"},"query-input":{"@type":"PropertyValueSpecification","valueRequired":true,"valueName":"search_term_string"}}],"inLanguage":"de-DE"},{"@type":"Organization","@id":"https:\/\/europly.nl\/#organization","name":"Europly Woodproducts","url":"https:\/\/europly.nl\/","logo":{"@type":"ImageObject","inLanguage":"de-DE","@id":"https:\/\/europly.nl\/#\/schema\/logo\/image\/","url":"https:\/\/europly.nl\/wp-content\/uploads\/logo-standaard.jpg","contentUrl":"https:\/\/europly.nl\/wp-content\/uploads\/logo-standaard.jpg","width":782,"height":289,"caption":"Europly Woodproducts"},"image":{"@id":"https:\/\/europly.nl\/#\/schema\/logo\/image\/"}}]}},"_links":{"self":[{"href":"https:\/\/europly.nl\/de\/wp-json\/wp\/v2\/pages\/858","targetHints":{"allow":["GET"]}}],"collection":[{"href":"https:\/\/europly.nl\/de\/wp-json\/wp\/v2\/pages"}],"about":[{"href":"https:\/\/europly.nl\/de\/wp-json\/wp\/v2\/types\/page"}],"author":[{"embeddable":true,"href":"https:\/\/europly.nl\/de\/wp-json\/wp\/v2\/users\/7"}],"replies":[{"embeddable":true,"href":"https:\/\/europly.nl\/de\/wp-json\/wp\/v2\/comments?post=858"}],"version-history":[{"count":17,"href":"https:\/\/europly.nl\/de\/wp-json\/wp\/v2\/pages\/858\/revisions"}],"predecessor-version":[{"id":2197,"href":"https:\/\/europly.nl\/de\/wp-json\/wp\/v2\/pages\/858\/revisions\/2197"}],"wp:attachment":[{"href":"https:\/\/europly.nl\/de\/wp-json\/wp\/v2\/media?parent=858"}],"curies":[{"name":"wp","href":"https:\/\/api.w.org\/{rel}","templated":true}]}}